{"id":14583,"date":"2022-03-28T07:33:51","date_gmt":"2022-03-28T07:33:51","guid":{"rendered":"https:\/\/atypique.brunotarhan.fr\/?post_type=product&#038;p=14583"},"modified":"2022-04-26T06:38:58","modified_gmt":"2022-04-26T06:38:58","slug":"laliene-2","status":"publish","type":"product","link":"https:\/\/atypique.brunotarhan.fr\/index.php\/produit\/laliene-2\/","title":{"rendered":"L&#8217;ali\u00e9n\u00e9"},"content":{"rendered":"<p>A 20 km au sud-ouest de Lyon, au c\u0153ur des Coteaux du Lyonnais, notre domaine de 18ha produit des vins rouges, blancs et ros\u00e9s depuis 1983.<\/p>\n<p>Le Gamay, la Syrah et le Chardonnay implant\u00e9s sur des sols sablo-granitiques profitent de belles expositions et d\u2019un climat id\u00e9al pour exprimer tout leur potentiel.<br \/>\nNous sommes 3 vignerons passionn\u00e9s et nous mettons tout en \u0153uvre pour produire des vins de qualit\u00e9 qui refl\u00e8tent notre terroir.<\/p>\n<p>Depuis le mill\u00e9sime 2018 nous sommes certifi\u00e9s exploitation Haute Valeur Environnementale.Cette certification prouve notre engagement \u00e0 respecter au mieux l\u2019environnement.Elle est bas\u00e9e sur 3 th\u00e8mes auxquels nous attachons beaucoup d\u2019importance :<\/p>\n<p>&#8211; Nous favorisons au maximum la biodiversit\u00e9 qui est indispensable \u00e0 l\u2019\u00e9quilibre du milieu naturel. Pour cela, nous conservons et replantons des haies, des nichoirs ont \u00e9t\u00e9 install\u00e9s autour des parcelles. Les vignes sont enherb\u00e9es afin d\u2019offrir le gite et le couvert \u00e0 de nombreux insectes, mammif\u00e8res et oiseaux.<br \/>\n&#8211; Les produits phytosanitaires sont utilis\u00e9s avec raisonnement, uniquement quand ils sont n\u00e9cessaires pour la sant\u00e9 de la vigne. Nous n\u2019utilisons pas de d\u00e9sherbants chimiques pour pr\u00e9server la qualit\u00e9 des sols, ni aucun insecticide.<br \/>\n&#8211; Pour les apports occasionnels d\u2019engrais nous \u00e9pandons uniquement du fumier.<\/p>\n","protected":false},"excerpt":{"rendered":"<p>Primeur<\/p>\n","protected":false},"featured_media":16167,"comment_status":"open","ping_status":"closed","template":"","meta":[],"product_cat":[87],"product_tag":[],"class_list":["post-14583","product","type-product","status-publish","has-post-thumbnail","hentry","product_cat-vins","berocket_brand-clos-saint-marc"],"yoast_head":"<!-- This site is optimized with the Yoast SEO plugin v18.0 - https:\/\/yoast.com\/wordpress\/plugins\/seo\/ -->\n<title>L&#039;ali\u00e9n\u00e9 - Atypique Concept Store<\/title>\n<meta name=\"robots\" content=\"index, follow, max-snippet:-1, max-image-preview:large, max-video-preview:-1\" \/>\n<link rel=\"canonical\" href=\"https:\/\/atypique.brunotarhan.fr\/index.php\/produit\/laliene-2\/\" \/>\n<meta property=\"og:locale\" content=\"fr_FR\" \/>\n<meta property=\"og:type\" content=\"article\" \/>\n<meta property=\"og:title\" content=\"L&#039;ali\u00e9n\u00e9 - Atypique Concept Store\" \/>\n<meta property=\"og:description\" content=\"Primeur\" \/>\n<meta property=\"og:url\" content=\"https:\/\/atypique.brunotarhan.fr\/index.php\/produit\/laliene-2\/\" \/>\n<meta property=\"og:site_name\" content=\"Atypique Concept Store\" \/>\n<meta property=\"article:modified_time\" content=\"2022-04-26T06:38:58+00:00\" \/>\n<meta property=\"og:image\" content=\"https:\/\/atypique.brunotarhan.fr\/wp-content\/uploads\/2022\/03\/domaine-clos-saint-marc-l-aliene-face.jpg\" \/>\n\t<meta property=\"og:image:width\" content=\"1732\" \/>\n\t<meta property=\"og:image:height\" content=\"1732\" \/>\n\t<meta property=\"og:image:type\" content=\"image\/jpeg\" \/>\n<meta name=\"twitter:card\" content=\"summary_large_image\" \/>\n<meta name=\"twitter:label1\" content=\"Dur\u00e9e de lecture estim\u00e9e\" \/>\n\t<meta name=\"twitter:data1\" content=\"1 minute\" \/>\n<script type=\"application\/ld+json\" class=\"yoast-schema-graph\">{\"@context\":\"https:\/\/schema.org\",\"@graph\":[{\"@type\":\"WebSite\",\"@id\":\"https:\/\/atypique.brunotarhan.fr\/#website\",\"url\":\"https:\/\/atypique.brunotarhan.fr\/\",\"name\":\"Atypique Concept Store\",\"description\":\"Just another WordPress site\",\"potentialAction\":[{\"@type\":\"SearchAction\",\"target\":{\"@type\":\"EntryPoint\",\"urlTemplate\":\"https:\/\/atypique.brunotarhan.fr\/?s={search_term_string}\"},\"query-input\":\"required name=search_term_string\"}],\"inLanguage\":\"fr-FR\"},{\"@type\":\"ImageObject\",\"@id\":\"https:\/\/atypique.brunotarhan.fr\/index.php\/produit\/laliene-2\/#primaryimage\",\"inLanguage\":\"fr-FR\",\"url\":\"https:\/\/atypique.brunotarhan.fr\/wp-content\/uploads\/2022\/03\/domaine-clos-saint-marc-l-aliene-face.jpg\",\"contentUrl\":\"https:\/\/atypique.brunotarhan.fr\/wp-content\/uploads\/2022\/03\/domaine-clos-saint-marc-l-aliene-face.jpg\",\"width\":1732,\"height\":1732},{\"@type\":\"WebPage\",\"@id\":\"https:\/\/atypique.brunotarhan.fr\/index.php\/produit\/laliene-2\/#webpage\",\"url\":\"https:\/\/atypique.brunotarhan.fr\/index.php\/produit\/laliene-2\/\",\"name\":\"L'ali\u00e9n\u00e9 - Atypique Concept Store\",\"isPartOf\":{\"@id\":\"https:\/\/atypique.brunotarhan.fr\/#website\"},\"primaryImageOfPage\":{\"@id\":\"https:\/\/atypique.brunotarhan.fr\/index.php\/produit\/laliene-2\/#primaryimage\"},\"datePublished\":\"2022-03-28T07:33:51+00:00\",\"dateModified\":\"2022-04-26T06:38:58+00:00\",\"breadcrumb\":{\"@id\":\"https:\/\/atypique.brunotarhan.fr\/index.php\/produit\/laliene-2\/#breadcrumb\"},\"inLanguage\":\"fr-FR\",\"potentialAction\":[{\"@type\":\"ReadAction\",\"target\":[\"https:\/\/atypique.brunotarhan.fr\/index.php\/produit\/laliene-2\/\"]}]},{\"@type\":\"BreadcrumbList\",\"@id\":\"https:\/\/atypique.brunotarhan.fr\/index.php\/produit\/laliene-2\/#breadcrumb\",\"itemListElement\":[{\"@type\":\"ListItem\",\"position\":1,\"name\":\"Accueil\",\"item\":\"https:\/\/atypique.brunotarhan.fr\/\"},{\"@type\":\"ListItem\",\"position\":2,\"name\":\"\"},{\"@type\":\"ListItem\",\"position\":3,\"name\":\"L&#8217;ali\u00e9n\u00e9\"}]}]}<\/script>\n<!-- \/ Yoast SEO plugin. -->","yoast_head_json":{"title":"L'ali\u00e9n\u00e9 - Atypique Concept Store","robots":{"index":"index","follow":"follow","max-snippet":"max-snippet:-1","max-image-preview":"max-image-preview:large","max-video-preview":"max-video-preview:-1"},"canonical":"https:\/\/atypique.brunotarhan.fr\/index.php\/produit\/laliene-2\/","og_locale":"fr_FR","og_type":"article","og_title":"L'ali\u00e9n\u00e9 - Atypique Concept Store","og_description":"Primeur","og_url":"https:\/\/atypique.brunotarhan.fr\/index.php\/produit\/laliene-2\/","og_site_name":"Atypique Concept Store","article_modified_time":"2022-04-26T06:38:58+00:00","og_image":[{"width":1732,"height":1732,"url":"https:\/\/atypique.brunotarhan.fr\/wp-content\/uploads\/2022\/03\/domaine-clos-saint-marc-l-aliene-face.jpg","type":"image\/jpeg"}],"twitter_card":"summary_large_image","twitter_misc":{"Dur\u00e9e de lecture estim\u00e9e":"1 minute"},"schema":{"@context":"https:\/\/schema.org","@graph":[{"@type":"WebSite","@id":"https:\/\/atypique.brunotarhan.fr\/#website","url":"https:\/\/atypique.brunotarhan.fr\/","name":"Atypique Concept Store","description":"Just another WordPress site","potentialAction":[{"@type":"SearchAction","target":{"@type":"EntryPoint","urlTemplate":"https:\/\/atypique.brunotarhan.fr\/?s={search_term_string}"},"query-input":"required name=search_term_string"}],"inLanguage":"fr-FR"},{"@type":"ImageObject","@id":"https:\/\/atypique.brunotarhan.fr\/index.php\/produit\/laliene-2\/#primaryimage","inLanguage":"fr-FR","url":"https:\/\/atypique.brunotarhan.fr\/wp-content\/uploads\/2022\/03\/domaine-clos-saint-marc-l-aliene-face.jpg","contentUrl":"https:\/\/atypique.brunotarhan.fr\/wp-content\/uploads\/2022\/03\/domaine-clos-saint-marc-l-aliene-face.jpg","width":1732,"height":1732},{"@type":"WebPage","@id":"https:\/\/atypique.brunotarhan.fr\/index.php\/produit\/laliene-2\/#webpage","url":"https:\/\/atypique.brunotarhan.fr\/index.php\/produit\/laliene-2\/","name":"L'ali\u00e9n\u00e9 - Atypique Concept Store","isPartOf":{"@id":"https:\/\/atypique.brunotarhan.fr\/#website"},"primaryImageOfPage":{"@id":"https:\/\/atypique.brunotarhan.fr\/index.php\/produit\/laliene-2\/#primaryimage"},"datePublished":"2022-03-28T07:33:51+00:00","dateModified":"2022-04-26T06:38:58+00:00","breadcrumb":{"@id":"https:\/\/atypique.brunotarhan.fr\/index.php\/produit\/laliene-2\/#breadcrumb"},"inLanguage":"fr-FR","potentialAction":[{"@type":"ReadAction","target":["https:\/\/atypique.brunotarhan.fr\/index.php\/produit\/laliene-2\/"]}]},{"@type":"BreadcrumbList","@id":"https:\/\/atypique.brunotarhan.fr\/index.php\/produit\/laliene-2\/#breadcrumb","itemListElement":[{"@type":"ListItem","position":1,"name":"Accueil","item":"https:\/\/atypique.brunotarhan.fr\/"},{"@type":"ListItem","position":2,"name":""},{"@type":"ListItem","position":3,"name":"L&#8217;ali\u00e9n\u00e9"}]}]}},"_links":{"self":[{"href":"https:\/\/atypique.brunotarhan.fr\/index.php\/wp-json\/wp\/v2\/product\/14583","targetHints":{"allow":["GET"]}}],"collection":[{"href":"https:\/\/atypique.brunotarhan.fr\/index.php\/wp-json\/wp\/v2\/product"}],"about":[{"href":"https:\/\/atypique.brunotarhan.fr\/index.php\/wp-json\/wp\/v2\/types\/product"}],"replies":[{"embeddable":true,"href":"https:\/\/atypique.brunotarhan.fr\/index.php\/wp-json\/wp\/v2\/comments?post=14583"}],"wp:featuredmedia":[{"embeddable":true,"href":"https:\/\/atypique.brunotarhan.fr\/index.php\/wp-json\/wp\/v2\/media\/16167"}],"wp:attachment":[{"href":"https:\/\/atypique.brunotarhan.fr\/index.php\/wp-json\/wp\/v2\/media?parent=14583"}],"wp:term":[{"taxonomy":"product_cat","embeddable":true,"href":"https:\/\/atypique.brunotarhan.fr\/index.php\/wp-json\/wp\/v2\/product_cat?post=14583"},{"taxonomy":"product_tag","embeddable":true,"href":"https:\/\/atypique.brunotarhan.fr\/index.php\/wp-json\/wp\/v2\/product_tag?post=14583"}],"curies":[{"name":"wp","href":"https:\/\/api.w.org\/{rel}","templated":true}]}}