{"id":14579,"date":"2022-03-28T07:33:51","date_gmt":"2022-03-28T07:33:51","guid":{"rendered":"https:\/\/atypique.brunotarhan.fr\/?post_type=product&#038;p=14579"},"modified":"2022-04-08T11:18:04","modified_gmt":"2022-04-08T11:18:04","slug":"solera","status":"publish","type":"product","link":"https:\/\/atypique.brunotarhan.fr\/index.php\/produit\/solera\/","title":{"rendered":"Solera"},"content":{"rendered":"","protected":false},"excerpt":{"rendered":"<p>Particularit\u00e9s :<\/p>\n<p>Cette cuv\u00e9e est issue d&#8217;une cuve de chardonnay de 120hl jamais vid\u00e9e depuis 20 ans. Chaque ann\u00e9e, au moment de la mise en bouteille, nous pr\u00e9levons 30% du volume et ouillons la cuve avec du vin de chardonnay de la derni\u00e8re vendange.<\/p>\n<p>C&#8217;est en quelque sorte une cuve perp\u00e9tuelle qui correspond \u00e0 l&#8217;\u00e9levage type Solera. Cette m\u00e9thode originale enrichi d&#8217;ann\u00e9e en ann\u00e9e l&#8217;assemblage et donne un fondu exceptionnel.<\/p>\n<p>Dosage: 8 g<\/p>\n","protected":false},"featured_media":0,"comment_status":"open","ping_status":"closed","template":"","meta":[],"product_cat":[88],"product_tag":[],"class_list":["post-14579","product","type-product","status-publish","hentry","product_cat-champagnes","berocket_brand-dumont"],"yoast_head":"<!-- This site is optimized with the Yoast SEO plugin v18.0 - https:\/\/yoast.com\/wordpress\/plugins\/seo\/ -->\n<title>Solera - Atypique Concept Store<\/title>\n<meta name=\"robots\" content=\"index, follow, max-snippet:-1, max-image-preview:large, max-video-preview:-1\" \/>\n<link rel=\"canonical\" href=\"https:\/\/atypique.brunotarhan.fr\/index.php\/produit\/solera\/\" \/>\n<meta property=\"og:locale\" content=\"fr_FR\" \/>\n<meta property=\"og:type\" content=\"article\" \/>\n<meta property=\"og:title\" content=\"Solera - Atypique Concept Store\" \/>\n<meta property=\"og:description\" content=\"Particularit\u00e9s : Cette cuv\u00e9e est issue d&#039;une cuve de chardonnay de 120hl jamais vid\u00e9e depuis 20 ans. Chaque ann\u00e9e, au moment de la mise en bouteille, nous pr\u00e9levons 30% du volume et ouillons la cuve avec du vin de chardonnay de la derni\u00e8re vendange.   C&#039;est en quelque sorte une cuve perp\u00e9tuelle qui correspond \u00e0 l&#039;\u00e9levage type Solera. Cette m\u00e9thode originale enrichi d&#039;ann\u00e9e en ann\u00e9e l&#039;assemblage et donne un fondu exceptionnel.  Dosage: 8 g\" \/>\n<meta property=\"og:url\" content=\"https:\/\/atypique.brunotarhan.fr\/index.php\/produit\/solera\/\" \/>\n<meta property=\"og:site_name\" content=\"Atypique Concept Store\" \/>\n<meta property=\"article:modified_time\" content=\"2022-04-08T11:18:04+00:00\" \/>\n<meta name=\"twitter:card\" content=\"summary_large_image\" \/>\n<script type=\"application\/ld+json\" class=\"yoast-schema-graph\">{\"@context\":\"https:\/\/schema.org\",\"@graph\":[{\"@type\":\"WebSite\",\"@id\":\"https:\/\/atypique.brunotarhan.fr\/#website\",\"url\":\"https:\/\/atypique.brunotarhan.fr\/\",\"name\":\"Atypique Concept Store\",\"description\":\"Just another WordPress site\",\"potentialAction\":[{\"@type\":\"SearchAction\",\"target\":{\"@type\":\"EntryPoint\",\"urlTemplate\":\"https:\/\/atypique.brunotarhan.fr\/?s={search_term_string}\"},\"query-input\":\"required name=search_term_string\"}],\"inLanguage\":\"fr-FR\"},{\"@type\":\"WebPage\",\"@id\":\"https:\/\/atypique.brunotarhan.fr\/index.php\/produit\/solera\/#webpage\",\"url\":\"https:\/\/atypique.brunotarhan.fr\/index.php\/produit\/solera\/\",\"name\":\"Solera - Atypique Concept Store\",\"isPartOf\":{\"@id\":\"https:\/\/atypique.brunotarhan.fr\/#website\"},\"datePublished\":\"2022-03-28T07:33:51+00:00\",\"dateModified\":\"2022-04-08T11:18:04+00:00\",\"breadcrumb\":{\"@id\":\"https:\/\/atypique.brunotarhan.fr\/index.php\/produit\/solera\/#breadcrumb\"},\"inLanguage\":\"fr-FR\",\"potentialAction\":[{\"@type\":\"ReadAction\",\"target\":[\"https:\/\/atypique.brunotarhan.fr\/index.php\/produit\/solera\/\"]}]},{\"@type\":\"BreadcrumbList\",\"@id\":\"https:\/\/atypique.brunotarhan.fr\/index.php\/produit\/solera\/#breadcrumb\",\"itemListElement\":[{\"@type\":\"ListItem\",\"position\":1,\"name\":\"Accueil\",\"item\":\"https:\/\/atypique.brunotarhan.fr\/\"},{\"@type\":\"ListItem\",\"position\":2,\"name\":\"\"},{\"@type\":\"ListItem\",\"position\":3,\"name\":\"Solera\"}]}]}<\/script>\n<!-- \/ Yoast SEO plugin. -->","yoast_head_json":{"title":"Solera - Atypique Concept Store","robots":{"index":"index","follow":"follow","max-snippet":"max-snippet:-1","max-image-preview":"max-image-preview:large","max-video-preview":"max-video-preview:-1"},"canonical":"https:\/\/atypique.brunotarhan.fr\/index.php\/produit\/solera\/","og_locale":"fr_FR","og_type":"article","og_title":"Solera - Atypique Concept Store","og_description":"Particularit\u00e9s : Cette cuv\u00e9e est issue d'une cuve de chardonnay de 120hl jamais vid\u00e9e depuis 20 ans. Chaque ann\u00e9e, au moment de la mise en bouteille, nous pr\u00e9levons 30% du volume et ouillons la cuve avec du vin de chardonnay de la derni\u00e8re vendange.   C'est en quelque sorte une cuve perp\u00e9tuelle qui correspond \u00e0 l'\u00e9levage type Solera. Cette m\u00e9thode originale enrichi d'ann\u00e9e en ann\u00e9e l'assemblage et donne un fondu exceptionnel.  Dosage: 8 g","og_url":"https:\/\/atypique.brunotarhan.fr\/index.php\/produit\/solera\/","og_site_name":"Atypique Concept Store","article_modified_time":"2022-04-08T11:18:04+00:00","twitter_card":"summary_large_image","schema":{"@context":"https:\/\/schema.org","@graph":[{"@type":"WebSite","@id":"https:\/\/atypique.brunotarhan.fr\/#website","url":"https:\/\/atypique.brunotarhan.fr\/","name":"Atypique Concept Store","description":"Just another WordPress site","potentialAction":[{"@type":"SearchAction","target":{"@type":"EntryPoint","urlTemplate":"https:\/\/atypique.brunotarhan.fr\/?s={search_term_string}"},"query-input":"required name=search_term_string"}],"inLanguage":"fr-FR"},{"@type":"WebPage","@id":"https:\/\/atypique.brunotarhan.fr\/index.php\/produit\/solera\/#webpage","url":"https:\/\/atypique.brunotarhan.fr\/index.php\/produit\/solera\/","name":"Solera - Atypique Concept Store","isPartOf":{"@id":"https:\/\/atypique.brunotarhan.fr\/#website"},"datePublished":"2022-03-28T07:33:51+00:00","dateModified":"2022-04-08T11:18:04+00:00","breadcrumb":{"@id":"https:\/\/atypique.brunotarhan.fr\/index.php\/produit\/solera\/#breadcrumb"},"inLanguage":"fr-FR","potentialAction":[{"@type":"ReadAction","target":["https:\/\/atypique.brunotarhan.fr\/index.php\/produit\/solera\/"]}]},{"@type":"BreadcrumbList","@id":"https:\/\/atypique.brunotarhan.fr\/index.php\/produit\/solera\/#breadcrumb","itemListElement":[{"@type":"ListItem","position":1,"name":"Accueil","item":"https:\/\/atypique.brunotarhan.fr\/"},{"@type":"ListItem","position":2,"name":""},{"@type":"ListItem","position":3,"name":"Solera"}]}]}},"_links":{"self":[{"href":"https:\/\/atypique.brunotarhan.fr\/index.php\/wp-json\/wp\/v2\/product\/14579","targetHints":{"allow":["GET"]}}],"collection":[{"href":"https:\/\/atypique.brunotarhan.fr\/index.php\/wp-json\/wp\/v2\/product"}],"about":[{"href":"https:\/\/atypique.brunotarhan.fr\/index.php\/wp-json\/wp\/v2\/types\/product"}],"replies":[{"embeddable":true,"href":"https:\/\/atypique.brunotarhan.fr\/index.php\/wp-json\/wp\/v2\/comments?post=14579"}],"wp:attachment":[{"href":"https:\/\/atypique.brunotarhan.fr\/index.php\/wp-json\/wp\/v2\/media?parent=14579"}],"wp:term":[{"taxonomy":"product_cat","embeddable":true,"href":"https:\/\/atypique.brunotarhan.fr\/index.php\/wp-json\/wp\/v2\/product_cat?post=14579"},{"taxonomy":"product_tag","embeddable":true,"href":"https:\/\/atypique.brunotarhan.fr\/index.php\/wp-json\/wp\/v2\/product_tag?post=14579"}],"curies":[{"name":"wp","href":"https:\/\/api.w.org\/{rel}","templated":true}]}}