{"id":14575,"date":"2022-03-28T07:33:50","date_gmt":"2022-03-28T07:33:50","guid":{"rendered":"https:\/\/atypique.brunotarhan.fr\/?post_type=product&#038;p=14575"},"modified":"2022-04-08T11:17:57","modified_gmt":"2022-04-08T11:17:57","slug":"el-nino","status":"publish","type":"product","link":"https:\/\/atypique.brunotarhan.fr\/index.php\/produit\/el-nino\/","title":{"rendered":"El nino"},"content":{"rendered":"","protected":false},"excerpt":{"rendered":"<p>C\u00e9pages : Carignan, Syrah et Mourv\u00e8dre<br \/>\nA boire de 3 \u00e0 7 ans d\u2019\u00e2ge<br \/>\nVieilles vignes \u00e0 faible rendement, exigeant un travail consid\u00e9rable, surtout sur le relief plus qu\u2019accident\u00e9 des coteaux de Banyuls. Ce vin de grand caract\u00e8re pr\u00e9sente toute la distinction du collioure rouge \u2013 densit\u00e9, profondeur, fra\u00eecheur, fruits noirs \u2013 avec la min\u00e9ralit\u00e9 du sol exactement transmise : pas de bois, la vinification se faisant en b\u00e9ton, en grappes enti\u00e8res, et l\u2019\u00e9levage en cuve d\u2019inox. Le vieillissement accentue la profondeur de ce vin. Notes de poivre et d\u2019\u00e9pices, finale longue et \u00e9quilibr\u00e9e.<\/p>\n<p>Vinification traditionnelle \u00e9court\u00e9e.Elevage en cuve<br \/>\nSans intrants, ni traitements physiques ni filtration.<\/p>\n<p>Sauf mention contraire, les sulfites \u00e9ventuellement pr\u00e9sents \u00e0 l\u2019\u00e9tat de trace (<15 mg\/l) sont issus du processus naturel de fermentation.\n<\/p>\n","protected":false},"featured_media":0,"comment_status":"open","ping_status":"closed","template":"","meta":[],"product_cat":[87],"product_tag":[],"class_list":["post-14575","product","type-product","status-publish","hentry","product_cat-vins","berocket_brand-casot-des-mailloles"],"yoast_head":"<!-- This site is optimized with the Yoast SEO plugin v18.0 - https:\/\/yoast.com\/wordpress\/plugins\/seo\/ -->\n<title>El nino - Atypique Concept Store<\/title>\n<meta name=\"robots\" content=\"index, follow, max-snippet:-1, max-image-preview:large, max-video-preview:-1\" \/>\n<link rel=\"canonical\" href=\"https:\/\/atypique.brunotarhan.fr\/index.php\/produit\/el-nino\/\" \/>\n<meta property=\"og:locale\" content=\"fr_FR\" \/>\n<meta property=\"og:type\" content=\"article\" \/>\n<meta property=\"og:title\" content=\"El nino - Atypique Concept Store\" \/>\n<meta property=\"og:description\" content=\"C\u00e9pages : Carignan, Syrah et Mourv\u00e8dre A boire de 3 \u00e0 7 ans d\u2019\u00e2ge Vieilles vignes \u00e0 faible rendement, exigeant un travail consid\u00e9rable, surtout sur le relief plus qu\u2019accident\u00e9 des coteaux de Banyuls. Ce vin de grand caract\u00e8re pr\u00e9sente toute la distinction du collioure rouge \u2013 densit\u00e9, profondeur, fra\u00eecheur, fruits noirs \u2013 avec la min\u00e9ralit\u00e9 du sol exactement transmise : pas de bois, la vinification se faisant en b\u00e9ton, en grappes enti\u00e8res, et l\u2019\u00e9levage en cuve d\u2019inox. Le vieillissement accentue la profondeur de ce vin. Notes de poivre et d\u2019\u00e9pices, finale longue et \u00e9quilibr\u00e9e. Vinification traditionnelle \u00e9court\u00e9e.Elevage en cuve Sans intrants, ni traitements physiques ni filtration. Sauf mention contraire, les sulfites \u00e9ventuellement pr\u00e9sents \u00e0 l\u2019\u00e9tat de trace (\" \/>\n<meta property=\"og:url\" content=\"https:\/\/atypique.brunotarhan.fr\/index.php\/produit\/el-nino\/\" \/>\n<meta property=\"og:site_name\" content=\"Atypique Concept Store\" \/>\n<meta property=\"article:modified_time\" content=\"2022-04-08T11:17:57+00:00\" \/>\n<meta name=\"twitter:card\" content=\"summary_large_image\" \/>\n<script type=\"application\/ld+json\" class=\"yoast-schema-graph\">{\"@context\":\"https:\/\/schema.org\",\"@graph\":[{\"@type\":\"WebSite\",\"@id\":\"https:\/\/atypique.brunotarhan.fr\/#website\",\"url\":\"https:\/\/atypique.brunotarhan.fr\/\",\"name\":\"Atypique Concept Store\",\"description\":\"Just another WordPress site\",\"potentialAction\":[{\"@type\":\"SearchAction\",\"target\":{\"@type\":\"EntryPoint\",\"urlTemplate\":\"https:\/\/atypique.brunotarhan.fr\/?s={search_term_string}\"},\"query-input\":\"required name=search_term_string\"}],\"inLanguage\":\"fr-FR\"},{\"@type\":\"WebPage\",\"@id\":\"https:\/\/atypique.brunotarhan.fr\/index.php\/produit\/el-nino\/#webpage\",\"url\":\"https:\/\/atypique.brunotarhan.fr\/index.php\/produit\/el-nino\/\",\"name\":\"El nino - Atypique Concept Store\",\"isPartOf\":{\"@id\":\"https:\/\/atypique.brunotarhan.fr\/#website\"},\"datePublished\":\"2022-03-28T07:33:50+00:00\",\"dateModified\":\"2022-04-08T11:17:57+00:00\",\"breadcrumb\":{\"@id\":\"https:\/\/atypique.brunotarhan.fr\/index.php\/produit\/el-nino\/#breadcrumb\"},\"inLanguage\":\"fr-FR\",\"potentialAction\":[{\"@type\":\"ReadAction\",\"target\":[\"https:\/\/atypique.brunotarhan.fr\/index.php\/produit\/el-nino\/\"]}]},{\"@type\":\"BreadcrumbList\",\"@id\":\"https:\/\/atypique.brunotarhan.fr\/index.php\/produit\/el-nino\/#breadcrumb\",\"itemListElement\":[{\"@type\":\"ListItem\",\"position\":1,\"name\":\"Accueil\",\"item\":\"https:\/\/atypique.brunotarhan.fr\/\"},{\"@type\":\"ListItem\",\"position\":2,\"name\":\"\"},{\"@type\":\"ListItem\",\"position\":3,\"name\":\"El nino\"}]}]}<\/script>\n<!-- \/ Yoast SEO plugin. -->","yoast_head_json":{"title":"El nino - Atypique Concept Store","robots":{"index":"index","follow":"follow","max-snippet":"max-snippet:-1","max-image-preview":"max-image-preview:large","max-video-preview":"max-video-preview:-1"},"canonical":"https:\/\/atypique.brunotarhan.fr\/index.php\/produit\/el-nino\/","og_locale":"fr_FR","og_type":"article","og_title":"El nino - Atypique Concept Store","og_description":"C\u00e9pages : Carignan, Syrah et Mourv\u00e8dre A boire de 3 \u00e0 7 ans d\u2019\u00e2ge Vieilles vignes \u00e0 faible rendement, exigeant un travail consid\u00e9rable, surtout sur le relief plus qu\u2019accident\u00e9 des coteaux de Banyuls. Ce vin de grand caract\u00e8re pr\u00e9sente toute la distinction du collioure rouge \u2013 densit\u00e9, profondeur, fra\u00eecheur, fruits noirs \u2013 avec la min\u00e9ralit\u00e9 du sol exactement transmise : pas de bois, la vinification se faisant en b\u00e9ton, en grappes enti\u00e8res, et l\u2019\u00e9levage en cuve d\u2019inox. Le vieillissement accentue la profondeur de ce vin. Notes de poivre et d\u2019\u00e9pices, finale longue et \u00e9quilibr\u00e9e. Vinification traditionnelle \u00e9court\u00e9e.Elevage en cuve Sans intrants, ni traitements physiques ni filtration. Sauf mention contraire, les sulfites \u00e9ventuellement pr\u00e9sents \u00e0 l\u2019\u00e9tat de trace (","og_url":"https:\/\/atypique.brunotarhan.fr\/index.php\/produit\/el-nino\/","og_site_name":"Atypique Concept Store","article_modified_time":"2022-04-08T11:17:57+00:00","twitter_card":"summary_large_image","schema":{"@context":"https:\/\/schema.org","@graph":[{"@type":"WebSite","@id":"https:\/\/atypique.brunotarhan.fr\/#website","url":"https:\/\/atypique.brunotarhan.fr\/","name":"Atypique Concept Store","description":"Just another WordPress site","potentialAction":[{"@type":"SearchAction","target":{"@type":"EntryPoint","urlTemplate":"https:\/\/atypique.brunotarhan.fr\/?s={search_term_string}"},"query-input":"required name=search_term_string"}],"inLanguage":"fr-FR"},{"@type":"WebPage","@id":"https:\/\/atypique.brunotarhan.fr\/index.php\/produit\/el-nino\/#webpage","url":"https:\/\/atypique.brunotarhan.fr\/index.php\/produit\/el-nino\/","name":"El nino - Atypique Concept Store","isPartOf":{"@id":"https:\/\/atypique.brunotarhan.fr\/#website"},"datePublished":"2022-03-28T07:33:50+00:00","dateModified":"2022-04-08T11:17:57+00:00","breadcrumb":{"@id":"https:\/\/atypique.brunotarhan.fr\/index.php\/produit\/el-nino\/#breadcrumb"},"inLanguage":"fr-FR","potentialAction":[{"@type":"ReadAction","target":["https:\/\/atypique.brunotarhan.fr\/index.php\/produit\/el-nino\/"]}]},{"@type":"BreadcrumbList","@id":"https:\/\/atypique.brunotarhan.fr\/index.php\/produit\/el-nino\/#breadcrumb","itemListElement":[{"@type":"ListItem","position":1,"name":"Accueil","item":"https:\/\/atypique.brunotarhan.fr\/"},{"@type":"ListItem","position":2,"name":""},{"@type":"ListItem","position":3,"name":"El nino"}]}]}},"_links":{"self":[{"href":"https:\/\/atypique.brunotarhan.fr\/index.php\/wp-json\/wp\/v2\/product\/14575","targetHints":{"allow":["GET"]}}],"collection":[{"href":"https:\/\/atypique.brunotarhan.fr\/index.php\/wp-json\/wp\/v2\/product"}],"about":[{"href":"https:\/\/atypique.brunotarhan.fr\/index.php\/wp-json\/wp\/v2\/types\/product"}],"replies":[{"embeddable":true,"href":"https:\/\/atypique.brunotarhan.fr\/index.php\/wp-json\/wp\/v2\/comments?post=14575"}],"wp:attachment":[{"href":"https:\/\/atypique.brunotarhan.fr\/index.php\/wp-json\/wp\/v2\/media?parent=14575"}],"wp:term":[{"taxonomy":"product_cat","embeddable":true,"href":"https:\/\/atypique.brunotarhan.fr\/index.php\/wp-json\/wp\/v2\/product_cat?post=14575"},{"taxonomy":"product_tag","embeddable":true,"href":"https:\/\/atypique.brunotarhan.fr\/index.php\/wp-json\/wp\/v2\/product_tag?post=14575"}],"curies":[{"name":"wp","href":"https:\/\/api.w.org\/{rel}","templated":true}]}}