{"id":14574,"date":"2022-03-28T07:33:50","date_gmt":"2022-03-28T07:33:50","guid":{"rendered":"https:\/\/atypique.brunotarhan.fr\/?post_type=product&#038;p=14574"},"modified":"2022-04-08T11:17:54","modified_gmt":"2022-04-08T11:17:54","slug":"comax-ethylix","status":"publish","type":"product","link":"https:\/\/atypique.brunotarhan.fr\/index.php\/produit\/comax-ethylix\/","title":{"rendered":"Comax Ethylix"},"content":{"rendered":"","protected":false},"excerpt":{"rendered":"<p>C\u00e9page : 100% Syrah<br \/>\nA boire de sa premi\u00e8re ann\u00e9e jusqu\u2019 \u00e0 5 ans d\u2019\u00e2ge<\/p>\n<p>Mac\u00e9ration courte et \u00ab Maison \u00bb en trois d\u00e9clinaisons<br \/>\nElevage de quelques mois en cuve<br \/>\nVinification sans intrants,<br \/>\nni traitements physiques ni filtration.<\/p>\n<p>Sauf mention contraire, les sulfites \u00e9ventuellement pr\u00e9sents \u00e0 l\u2019\u00e9tat de trace (<15 mg\/l) sont issus du processus naturel de fermentation.\n<\/p>\n","protected":false},"featured_media":0,"comment_status":"open","ping_status":"closed","template":"","meta":[],"product_cat":[87],"product_tag":[],"class_list":["post-14574","product","type-product","status-publish","hentry","product_cat-vins","berocket_brand-casot-des-mailloles"],"yoast_head":"<!-- This site is optimized with the Yoast SEO plugin v18.0 - https:\/\/yoast.com\/wordpress\/plugins\/seo\/ -->\n<title>Comax Ethylix - Atypique Concept Store<\/title>\n<meta name=\"robots\" content=\"index, follow, max-snippet:-1, max-image-preview:large, max-video-preview:-1\" \/>\n<link rel=\"canonical\" href=\"https:\/\/atypique.brunotarhan.fr\/index.php\/produit\/comax-ethylix\/\" \/>\n<meta property=\"og:locale\" content=\"fr_FR\" \/>\n<meta property=\"og:type\" content=\"article\" \/>\n<meta property=\"og:title\" content=\"Comax Ethylix - Atypique Concept Store\" \/>\n<meta property=\"og:description\" content=\"C\u00e9page : 100% Syrah A boire de sa premi\u00e8re ann\u00e9e jusqu\u2019 \u00e0 5 ans d\u2019\u00e2ge Mac\u00e9ration courte et \u00ab Maison \u00bb en trois d\u00e9clinaisons Elevage de quelques mois en cuve Vinification sans intrants, ni traitements physiques ni filtration. Sauf mention contraire, les sulfites \u00e9ventuellement pr\u00e9sents \u00e0 l\u2019\u00e9tat de trace (\" \/>\n<meta property=\"og:url\" content=\"https:\/\/atypique.brunotarhan.fr\/index.php\/produit\/comax-ethylix\/\" \/>\n<meta property=\"og:site_name\" content=\"Atypique Concept Store\" \/>\n<meta property=\"article:modified_time\" content=\"2022-04-08T11:17:54+00:00\" \/>\n<meta name=\"twitter:card\" content=\"summary_large_image\" \/>\n<script type=\"application\/ld+json\" class=\"yoast-schema-graph\">{\"@context\":\"https:\/\/schema.org\",\"@graph\":[{\"@type\":\"WebSite\",\"@id\":\"https:\/\/atypique.brunotarhan.fr\/#website\",\"url\":\"https:\/\/atypique.brunotarhan.fr\/\",\"name\":\"Atypique Concept Store\",\"description\":\"Just another WordPress site\",\"potentialAction\":[{\"@type\":\"SearchAction\",\"target\":{\"@type\":\"EntryPoint\",\"urlTemplate\":\"https:\/\/atypique.brunotarhan.fr\/?s={search_term_string}\"},\"query-input\":\"required name=search_term_string\"}],\"inLanguage\":\"fr-FR\"},{\"@type\":\"WebPage\",\"@id\":\"https:\/\/atypique.brunotarhan.fr\/index.php\/produit\/comax-ethylix\/#webpage\",\"url\":\"https:\/\/atypique.brunotarhan.fr\/index.php\/produit\/comax-ethylix\/\",\"name\":\"Comax Ethylix - Atypique Concept Store\",\"isPartOf\":{\"@id\":\"https:\/\/atypique.brunotarhan.fr\/#website\"},\"datePublished\":\"2022-03-28T07:33:50+00:00\",\"dateModified\":\"2022-04-08T11:17:54+00:00\",\"breadcrumb\":{\"@id\":\"https:\/\/atypique.brunotarhan.fr\/index.php\/produit\/comax-ethylix\/#breadcrumb\"},\"inLanguage\":\"fr-FR\",\"potentialAction\":[{\"@type\":\"ReadAction\",\"target\":[\"https:\/\/atypique.brunotarhan.fr\/index.php\/produit\/comax-ethylix\/\"]}]},{\"@type\":\"BreadcrumbList\",\"@id\":\"https:\/\/atypique.brunotarhan.fr\/index.php\/produit\/comax-ethylix\/#breadcrumb\",\"itemListElement\":[{\"@type\":\"ListItem\",\"position\":1,\"name\":\"Accueil\",\"item\":\"https:\/\/atypique.brunotarhan.fr\/\"},{\"@type\":\"ListItem\",\"position\":2,\"name\":\"\"},{\"@type\":\"ListItem\",\"position\":3,\"name\":\"Comax Ethylix\"}]}]}<\/script>\n<!-- \/ Yoast SEO plugin. -->","yoast_head_json":{"title":"Comax Ethylix - Atypique Concept Store","robots":{"index":"index","follow":"follow","max-snippet":"max-snippet:-1","max-image-preview":"max-image-preview:large","max-video-preview":"max-video-preview:-1"},"canonical":"https:\/\/atypique.brunotarhan.fr\/index.php\/produit\/comax-ethylix\/","og_locale":"fr_FR","og_type":"article","og_title":"Comax Ethylix - Atypique Concept Store","og_description":"C\u00e9page : 100% Syrah A boire de sa premi\u00e8re ann\u00e9e jusqu\u2019 \u00e0 5 ans d\u2019\u00e2ge Mac\u00e9ration courte et \u00ab Maison \u00bb en trois d\u00e9clinaisons Elevage de quelques mois en cuve Vinification sans intrants, ni traitements physiques ni filtration. Sauf mention contraire, les sulfites \u00e9ventuellement pr\u00e9sents \u00e0 l\u2019\u00e9tat de trace (","og_url":"https:\/\/atypique.brunotarhan.fr\/index.php\/produit\/comax-ethylix\/","og_site_name":"Atypique Concept Store","article_modified_time":"2022-04-08T11:17:54+00:00","twitter_card":"summary_large_image","schema":{"@context":"https:\/\/schema.org","@graph":[{"@type":"WebSite","@id":"https:\/\/atypique.brunotarhan.fr\/#website","url":"https:\/\/atypique.brunotarhan.fr\/","name":"Atypique Concept Store","description":"Just another WordPress site","potentialAction":[{"@type":"SearchAction","target":{"@type":"EntryPoint","urlTemplate":"https:\/\/atypique.brunotarhan.fr\/?s={search_term_string}"},"query-input":"required name=search_term_string"}],"inLanguage":"fr-FR"},{"@type":"WebPage","@id":"https:\/\/atypique.brunotarhan.fr\/index.php\/produit\/comax-ethylix\/#webpage","url":"https:\/\/atypique.brunotarhan.fr\/index.php\/produit\/comax-ethylix\/","name":"Comax Ethylix - Atypique Concept Store","isPartOf":{"@id":"https:\/\/atypique.brunotarhan.fr\/#website"},"datePublished":"2022-03-28T07:33:50+00:00","dateModified":"2022-04-08T11:17:54+00:00","breadcrumb":{"@id":"https:\/\/atypique.brunotarhan.fr\/index.php\/produit\/comax-ethylix\/#breadcrumb"},"inLanguage":"fr-FR","potentialAction":[{"@type":"ReadAction","target":["https:\/\/atypique.brunotarhan.fr\/index.php\/produit\/comax-ethylix\/"]}]},{"@type":"BreadcrumbList","@id":"https:\/\/atypique.brunotarhan.fr\/index.php\/produit\/comax-ethylix\/#breadcrumb","itemListElement":[{"@type":"ListItem","position":1,"name":"Accueil","item":"https:\/\/atypique.brunotarhan.fr\/"},{"@type":"ListItem","position":2,"name":""},{"@type":"ListItem","position":3,"name":"Comax Ethylix"}]}]}},"_links":{"self":[{"href":"https:\/\/atypique.brunotarhan.fr\/index.php\/wp-json\/wp\/v2\/product\/14574","targetHints":{"allow":["GET"]}}],"collection":[{"href":"https:\/\/atypique.brunotarhan.fr\/index.php\/wp-json\/wp\/v2\/product"}],"about":[{"href":"https:\/\/atypique.brunotarhan.fr\/index.php\/wp-json\/wp\/v2\/types\/product"}],"replies":[{"embeddable":true,"href":"https:\/\/atypique.brunotarhan.fr\/index.php\/wp-json\/wp\/v2\/comments?post=14574"}],"wp:attachment":[{"href":"https:\/\/atypique.brunotarhan.fr\/index.php\/wp-json\/wp\/v2\/media?parent=14574"}],"wp:term":[{"taxonomy":"product_cat","embeddable":true,"href":"https:\/\/atypique.brunotarhan.fr\/index.php\/wp-json\/wp\/v2\/product_cat?post=14574"},{"taxonomy":"product_tag","embeddable":true,"href":"https:\/\/atypique.brunotarhan.fr\/index.php\/wp-json\/wp\/v2\/product_tag?post=14574"}],"curies":[{"name":"wp","href":"https:\/\/api.w.org\/{rel}","templated":true}]}}