{"id":14572,"date":"2022-03-28T07:33:50","date_gmt":"2022-03-28T07:33:50","guid":{"rendered":"https:\/\/atypique.brunotarhan.fr\/?post_type=product&#038;p=14572"},"modified":"2022-04-08T11:17:40","modified_gmt":"2022-04-08T11:17:40","slug":"verdami","status":"publish","type":"product","link":"https:\/\/atypique.brunotarhan.fr\/index.php\/produit\/verdami\/","title":{"rendered":"Verdami"},"content":{"rendered":"","protected":false},"excerpt":{"rendered":"<p>( P\u00e9tillant de fruits) Fruit P\u00e9t Nat \u00e0 base de Mirabelle, Poire et Raisin Muscat.<\/p>\n<p>Christian Binner est g\u00e9n\u00e9ralement connu pour produire des vins d&#8217;Alsace exceptionnels &#8211; mais cette fois, il a regard\u00e9 autour de son domaine et a trouv\u00e9 d&#8217;autres fruits pour les combiner en quelque chose de tr\u00e8s sp\u00e9cial. La combinaison d&#8217;une Mirabelle acide, de l&#8217;onctuosit\u00e9 de la poire et de l&#8217;\u00e9pice et de la structure du raisin Muscat est incroyablement savoureuse et tr\u00e8s unique.<\/p>\n","protected":false},"featured_media":0,"comment_status":"open","ping_status":"closed","template":"","meta":[],"product_cat":[87],"product_tag":[],"class_list":["post-14572","product","type-product","status-publish","hentry","product_cat-vins","berocket_brand-domaine-christian-binner"],"yoast_head":"<!-- This site is optimized with the Yoast SEO plugin v18.0 - https:\/\/yoast.com\/wordpress\/plugins\/seo\/ -->\n<title>Verdami - Atypique Concept Store<\/title>\n<meta name=\"robots\" content=\"index, follow, max-snippet:-1, max-image-preview:large, max-video-preview:-1\" \/>\n<link rel=\"canonical\" href=\"https:\/\/atypique.brunotarhan.fr\/index.php\/produit\/verdami\/\" \/>\n<meta property=\"og:locale\" content=\"fr_FR\" \/>\n<meta property=\"og:type\" content=\"article\" \/>\n<meta property=\"og:title\" content=\"Verdami - Atypique Concept Store\" \/>\n<meta property=\"og:description\" content=\"( P\u00e9tillant de fruits) Fruit P\u00e9t Nat \u00e0 base de Mirabelle, Poire et Raisin Muscat. Christian Binner est g\u00e9n\u00e9ralement connu pour produire des vins d&#039;Alsace exceptionnels - mais cette fois, il a regard\u00e9 autour de son domaine et a trouv\u00e9 d&#039;autres fruits pour les combiner en quelque chose de tr\u00e8s sp\u00e9cial. La combinaison d&#039;une Mirabelle acide, de l&#039;onctuosit\u00e9 de la poire et de l&#039;\u00e9pice et de la structure du raisin Muscat est incroyablement savoureuse et tr\u00e8s unique.\" \/>\n<meta property=\"og:url\" content=\"https:\/\/atypique.brunotarhan.fr\/index.php\/produit\/verdami\/\" \/>\n<meta property=\"og:site_name\" content=\"Atypique Concept Store\" \/>\n<meta property=\"article:modified_time\" content=\"2022-04-08T11:17:40+00:00\" \/>\n<meta name=\"twitter:card\" content=\"summary_large_image\" \/>\n<script type=\"application\/ld+json\" class=\"yoast-schema-graph\">{\"@context\":\"https:\/\/schema.org\",\"@graph\":[{\"@type\":\"WebSite\",\"@id\":\"https:\/\/atypique.brunotarhan.fr\/#website\",\"url\":\"https:\/\/atypique.brunotarhan.fr\/\",\"name\":\"Atypique Concept Store\",\"description\":\"Just another WordPress site\",\"potentialAction\":[{\"@type\":\"SearchAction\",\"target\":{\"@type\":\"EntryPoint\",\"urlTemplate\":\"https:\/\/atypique.brunotarhan.fr\/?s={search_term_string}\"},\"query-input\":\"required name=search_term_string\"}],\"inLanguage\":\"fr-FR\"},{\"@type\":\"WebPage\",\"@id\":\"https:\/\/atypique.brunotarhan.fr\/index.php\/produit\/verdami\/#webpage\",\"url\":\"https:\/\/atypique.brunotarhan.fr\/index.php\/produit\/verdami\/\",\"name\":\"Verdami - Atypique Concept Store\",\"isPartOf\":{\"@id\":\"https:\/\/atypique.brunotarhan.fr\/#website\"},\"datePublished\":\"2022-03-28T07:33:50+00:00\",\"dateModified\":\"2022-04-08T11:17:40+00:00\",\"breadcrumb\":{\"@id\":\"https:\/\/atypique.brunotarhan.fr\/index.php\/produit\/verdami\/#breadcrumb\"},\"inLanguage\":\"fr-FR\",\"potentialAction\":[{\"@type\":\"ReadAction\",\"target\":[\"https:\/\/atypique.brunotarhan.fr\/index.php\/produit\/verdami\/\"]}]},{\"@type\":\"BreadcrumbList\",\"@id\":\"https:\/\/atypique.brunotarhan.fr\/index.php\/produit\/verdami\/#breadcrumb\",\"itemListElement\":[{\"@type\":\"ListItem\",\"position\":1,\"name\":\"Accueil\",\"item\":\"https:\/\/atypique.brunotarhan.fr\/\"},{\"@type\":\"ListItem\",\"position\":2,\"name\":\"\"},{\"@type\":\"ListItem\",\"position\":3,\"name\":\"Verdami\"}]}]}<\/script>\n<!-- \/ Yoast SEO plugin. -->","yoast_head_json":{"title":"Verdami - Atypique Concept Store","robots":{"index":"index","follow":"follow","max-snippet":"max-snippet:-1","max-image-preview":"max-image-preview:large","max-video-preview":"max-video-preview:-1"},"canonical":"https:\/\/atypique.brunotarhan.fr\/index.php\/produit\/verdami\/","og_locale":"fr_FR","og_type":"article","og_title":"Verdami - Atypique Concept Store","og_description":"( P\u00e9tillant de fruits) Fruit P\u00e9t Nat \u00e0 base de Mirabelle, Poire et Raisin Muscat. Christian Binner est g\u00e9n\u00e9ralement connu pour produire des vins d'Alsace exceptionnels - mais cette fois, il a regard\u00e9 autour de son domaine et a trouv\u00e9 d'autres fruits pour les combiner en quelque chose de tr\u00e8s sp\u00e9cial. La combinaison d'une Mirabelle acide, de l'onctuosit\u00e9 de la poire et de l'\u00e9pice et de la structure du raisin Muscat est incroyablement savoureuse et tr\u00e8s unique.","og_url":"https:\/\/atypique.brunotarhan.fr\/index.php\/produit\/verdami\/","og_site_name":"Atypique Concept Store","article_modified_time":"2022-04-08T11:17:40+00:00","twitter_card":"summary_large_image","schema":{"@context":"https:\/\/schema.org","@graph":[{"@type":"WebSite","@id":"https:\/\/atypique.brunotarhan.fr\/#website","url":"https:\/\/atypique.brunotarhan.fr\/","name":"Atypique Concept Store","description":"Just another WordPress site","potentialAction":[{"@type":"SearchAction","target":{"@type":"EntryPoint","urlTemplate":"https:\/\/atypique.brunotarhan.fr\/?s={search_term_string}"},"query-input":"required name=search_term_string"}],"inLanguage":"fr-FR"},{"@type":"WebPage","@id":"https:\/\/atypique.brunotarhan.fr\/index.php\/produit\/verdami\/#webpage","url":"https:\/\/atypique.brunotarhan.fr\/index.php\/produit\/verdami\/","name":"Verdami - Atypique Concept Store","isPartOf":{"@id":"https:\/\/atypique.brunotarhan.fr\/#website"},"datePublished":"2022-03-28T07:33:50+00:00","dateModified":"2022-04-08T11:17:40+00:00","breadcrumb":{"@id":"https:\/\/atypique.brunotarhan.fr\/index.php\/produit\/verdami\/#breadcrumb"},"inLanguage":"fr-FR","potentialAction":[{"@type":"ReadAction","target":["https:\/\/atypique.brunotarhan.fr\/index.php\/produit\/verdami\/"]}]},{"@type":"BreadcrumbList","@id":"https:\/\/atypique.brunotarhan.fr\/index.php\/produit\/verdami\/#breadcrumb","itemListElement":[{"@type":"ListItem","position":1,"name":"Accueil","item":"https:\/\/atypique.brunotarhan.fr\/"},{"@type":"ListItem","position":2,"name":""},{"@type":"ListItem","position":3,"name":"Verdami"}]}]}},"_links":{"self":[{"href":"https:\/\/atypique.brunotarhan.fr\/index.php\/wp-json\/wp\/v2\/product\/14572","targetHints":{"allow":["GET"]}}],"collection":[{"href":"https:\/\/atypique.brunotarhan.fr\/index.php\/wp-json\/wp\/v2\/product"}],"about":[{"href":"https:\/\/atypique.brunotarhan.fr\/index.php\/wp-json\/wp\/v2\/types\/product"}],"replies":[{"embeddable":true,"href":"https:\/\/atypique.brunotarhan.fr\/index.php\/wp-json\/wp\/v2\/comments?post=14572"}],"wp:attachment":[{"href":"https:\/\/atypique.brunotarhan.fr\/index.php\/wp-json\/wp\/v2\/media?parent=14572"}],"wp:term":[{"taxonomy":"product_cat","embeddable":true,"href":"https:\/\/atypique.brunotarhan.fr\/index.php\/wp-json\/wp\/v2\/product_cat?post=14572"},{"taxonomy":"product_tag","embeddable":true,"href":"https:\/\/atypique.brunotarhan.fr\/index.php\/wp-json\/wp\/v2\/product_tag?post=14572"}],"curies":[{"name":"wp","href":"https:\/\/api.w.org\/{rel}","templated":true}]}}