{"id":14571,"date":"2022-03-28T07:33:50","date_gmt":"2022-03-28T07:33:50","guid":{"rendered":"https:\/\/atypique.brunotarhan.fr\/?post_type=product&#038;p=14571"},"modified":"2022-04-08T11:17:37","modified_gmt":"2022-04-08T11:17:37","slug":"si-rose","status":"publish","type":"product","link":"https:\/\/atypique.brunotarhan.fr\/index.php\/produit\/si-rose\/","title":{"rendered":"Si rose"},"content":{"rendered":"","protected":false},"excerpt":{"rendered":"<p>Si Rose est issu du constat que les c\u00e9pages Gewurztraminer et Pinot Gris, vu le r\u00e9chauffement climatique que subit l\u2019Alsace, trouvent leur limite en vinification classique en blanc. Je me suis donc inspir\u00e9 de l\u2019exp\u00e9rience des pays m\u00e9diterran\u00e9ens, Italie, Slov\u00e9nie, Croatie, et de la G\u00e9orgie, qui historiquement, on su vinifier les c\u00e9pages charnus et puissants en contr\u00e9e chaude, pour en faire des vins frais, gourmands et app\u00e9tents. Leur secret: mac\u00e9r\u00e9s les blancs, ce qui en fait un vin orange.<\/p>\n<p>Si Rose est n\u00e9, le Gewurztraminer contenant dans sa peau, ce magnifique ar\u00f4me rappelant la rose, sans oublier \u00e9galement sa couleur.<br \/>\nSi Rose, un parfum magnifique, une fra\u00eecheur \u00e9tonnante en bouche, un vin f\u00e9minin, cr\u00e9\u00e9 par des femmes<\/p>\n","protected":false},"featured_media":0,"comment_status":"open","ping_status":"closed","template":"","meta":[],"product_cat":[87],"product_tag":[],"class_list":["post-14571","product","type-product","status-publish","hentry","product_cat-vins","berocket_brand-domaine-christian-binner"],"yoast_head":"<!-- This site is optimized with the Yoast SEO plugin v18.0 - https:\/\/yoast.com\/wordpress\/plugins\/seo\/ -->\n<title>Si rose - Atypique Concept Store<\/title>\n<meta name=\"robots\" content=\"index, follow, max-snippet:-1, max-image-preview:large, max-video-preview:-1\" \/>\n<link rel=\"canonical\" href=\"https:\/\/atypique.brunotarhan.fr\/index.php\/produit\/si-rose\/\" \/>\n<meta property=\"og:locale\" content=\"fr_FR\" \/>\n<meta property=\"og:type\" content=\"article\" \/>\n<meta property=\"og:title\" content=\"Si rose - Atypique Concept Store\" \/>\n<meta property=\"og:description\" content=\"Si Rose est issu du constat que les c\u00e9pages Gewurztraminer et Pinot Gris, vu le r\u00e9chauffement climatique que subit l\u2019Alsace, trouvent leur limite en vinification classique en blanc. Je me suis donc inspir\u00e9 de l\u2019exp\u00e9rience des pays m\u00e9diterran\u00e9ens, Italie, Slov\u00e9nie, Croatie, et de la G\u00e9orgie, qui historiquement, on su vinifier les c\u00e9pages charnus et puissants en contr\u00e9e chaude, pour en faire des vins frais, gourmands et app\u00e9tents. Leur secret: mac\u00e9r\u00e9s les blancs, ce qui en fait un vin orange. Si Rose est n\u00e9, le Gewurztraminer contenant dans sa peau, ce magnifique ar\u00f4me rappelant la rose, sans oublier \u00e9galement sa couleur. Si Rose, un parfum magnifique, une fra\u00eecheur \u00e9tonnante en bouche, un vin f\u00e9minin, cr\u00e9\u00e9 par des femmes\" \/>\n<meta property=\"og:url\" content=\"https:\/\/atypique.brunotarhan.fr\/index.php\/produit\/si-rose\/\" \/>\n<meta property=\"og:site_name\" content=\"Atypique Concept Store\" \/>\n<meta property=\"article:modified_time\" content=\"2022-04-08T11:17:37+00:00\" \/>\n<meta name=\"twitter:card\" content=\"summary_large_image\" \/>\n<script type=\"application\/ld+json\" class=\"yoast-schema-graph\">{\"@context\":\"https:\/\/schema.org\",\"@graph\":[{\"@type\":\"WebSite\",\"@id\":\"https:\/\/atypique.brunotarhan.fr\/#website\",\"url\":\"https:\/\/atypique.brunotarhan.fr\/\",\"name\":\"Atypique Concept Store\",\"description\":\"Just another WordPress site\",\"potentialAction\":[{\"@type\":\"SearchAction\",\"target\":{\"@type\":\"EntryPoint\",\"urlTemplate\":\"https:\/\/atypique.brunotarhan.fr\/?s={search_term_string}\"},\"query-input\":\"required name=search_term_string\"}],\"inLanguage\":\"fr-FR\"},{\"@type\":\"WebPage\",\"@id\":\"https:\/\/atypique.brunotarhan.fr\/index.php\/produit\/si-rose\/#webpage\",\"url\":\"https:\/\/atypique.brunotarhan.fr\/index.php\/produit\/si-rose\/\",\"name\":\"Si rose - Atypique Concept Store\",\"isPartOf\":{\"@id\":\"https:\/\/atypique.brunotarhan.fr\/#website\"},\"datePublished\":\"2022-03-28T07:33:50+00:00\",\"dateModified\":\"2022-04-08T11:17:37+00:00\",\"breadcrumb\":{\"@id\":\"https:\/\/atypique.brunotarhan.fr\/index.php\/produit\/si-rose\/#breadcrumb\"},\"inLanguage\":\"fr-FR\",\"potentialAction\":[{\"@type\":\"ReadAction\",\"target\":[\"https:\/\/atypique.brunotarhan.fr\/index.php\/produit\/si-rose\/\"]}]},{\"@type\":\"BreadcrumbList\",\"@id\":\"https:\/\/atypique.brunotarhan.fr\/index.php\/produit\/si-rose\/#breadcrumb\",\"itemListElement\":[{\"@type\":\"ListItem\",\"position\":1,\"name\":\"Accueil\",\"item\":\"https:\/\/atypique.brunotarhan.fr\/\"},{\"@type\":\"ListItem\",\"position\":2,\"name\":\"\"},{\"@type\":\"ListItem\",\"position\":3,\"name\":\"Si rose\"}]}]}<\/script>\n<!-- \/ Yoast SEO plugin. -->","yoast_head_json":{"title":"Si rose - Atypique Concept Store","robots":{"index":"index","follow":"follow","max-snippet":"max-snippet:-1","max-image-preview":"max-image-preview:large","max-video-preview":"max-video-preview:-1"},"canonical":"https:\/\/atypique.brunotarhan.fr\/index.php\/produit\/si-rose\/","og_locale":"fr_FR","og_type":"article","og_title":"Si rose - Atypique Concept Store","og_description":"Si Rose est issu du constat que les c\u00e9pages Gewurztraminer et Pinot Gris, vu le r\u00e9chauffement climatique que subit l\u2019Alsace, trouvent leur limite en vinification classique en blanc. Je me suis donc inspir\u00e9 de l\u2019exp\u00e9rience des pays m\u00e9diterran\u00e9ens, Italie, Slov\u00e9nie, Croatie, et de la G\u00e9orgie, qui historiquement, on su vinifier les c\u00e9pages charnus et puissants en contr\u00e9e chaude, pour en faire des vins frais, gourmands et app\u00e9tents. Leur secret: mac\u00e9r\u00e9s les blancs, ce qui en fait un vin orange. Si Rose est n\u00e9, le Gewurztraminer contenant dans sa peau, ce magnifique ar\u00f4me rappelant la rose, sans oublier \u00e9galement sa couleur. Si Rose, un parfum magnifique, une fra\u00eecheur \u00e9tonnante en bouche, un vin f\u00e9minin, cr\u00e9\u00e9 par des femmes","og_url":"https:\/\/atypique.brunotarhan.fr\/index.php\/produit\/si-rose\/","og_site_name":"Atypique Concept Store","article_modified_time":"2022-04-08T11:17:37+00:00","twitter_card":"summary_large_image","schema":{"@context":"https:\/\/schema.org","@graph":[{"@type":"WebSite","@id":"https:\/\/atypique.brunotarhan.fr\/#website","url":"https:\/\/atypique.brunotarhan.fr\/","name":"Atypique Concept Store","description":"Just another WordPress site","potentialAction":[{"@type":"SearchAction","target":{"@type":"EntryPoint","urlTemplate":"https:\/\/atypique.brunotarhan.fr\/?s={search_term_string}"},"query-input":"required name=search_term_string"}],"inLanguage":"fr-FR"},{"@type":"WebPage","@id":"https:\/\/atypique.brunotarhan.fr\/index.php\/produit\/si-rose\/#webpage","url":"https:\/\/atypique.brunotarhan.fr\/index.php\/produit\/si-rose\/","name":"Si rose - Atypique Concept Store","isPartOf":{"@id":"https:\/\/atypique.brunotarhan.fr\/#website"},"datePublished":"2022-03-28T07:33:50+00:00","dateModified":"2022-04-08T11:17:37+00:00","breadcrumb":{"@id":"https:\/\/atypique.brunotarhan.fr\/index.php\/produit\/si-rose\/#breadcrumb"},"inLanguage":"fr-FR","potentialAction":[{"@type":"ReadAction","target":["https:\/\/atypique.brunotarhan.fr\/index.php\/produit\/si-rose\/"]}]},{"@type":"BreadcrumbList","@id":"https:\/\/atypique.brunotarhan.fr\/index.php\/produit\/si-rose\/#breadcrumb","itemListElement":[{"@type":"ListItem","position":1,"name":"Accueil","item":"https:\/\/atypique.brunotarhan.fr\/"},{"@type":"ListItem","position":2,"name":""},{"@type":"ListItem","position":3,"name":"Si rose"}]}]}},"_links":{"self":[{"href":"https:\/\/atypique.brunotarhan.fr\/index.php\/wp-json\/wp\/v2\/product\/14571","targetHints":{"allow":["GET"]}}],"collection":[{"href":"https:\/\/atypique.brunotarhan.fr\/index.php\/wp-json\/wp\/v2\/product"}],"about":[{"href":"https:\/\/atypique.brunotarhan.fr\/index.php\/wp-json\/wp\/v2\/types\/product"}],"replies":[{"embeddable":true,"href":"https:\/\/atypique.brunotarhan.fr\/index.php\/wp-json\/wp\/v2\/comments?post=14571"}],"wp:attachment":[{"href":"https:\/\/atypique.brunotarhan.fr\/index.php\/wp-json\/wp\/v2\/media?parent=14571"}],"wp:term":[{"taxonomy":"product_cat","embeddable":true,"href":"https:\/\/atypique.brunotarhan.fr\/index.php\/wp-json\/wp\/v2\/product_cat?post=14571"},{"taxonomy":"product_tag","embeddable":true,"href":"https:\/\/atypique.brunotarhan.fr\/index.php\/wp-json\/wp\/v2\/product_tag?post=14571"}],"curies":[{"name":"wp","href":"https:\/\/api.w.org\/{rel}","templated":true}]}}