{"id":14569,"date":"2022-03-28T07:33:50","date_gmt":"2022-03-28T07:33:50","guid":{"rendered":"https:\/\/atypique.brunotarhan.fr\/?post_type=product&#038;p=14569"},"modified":"2022-04-08T11:17:33","modified_gmt":"2022-04-08T11:17:33","slug":"sgelt","status":"publish","type":"product","link":"https:\/\/atypique.brunotarhan.fr\/index.php\/produit\/sgelt\/","title":{"rendered":"sgelt"},"content":{"rendered":"","protected":false},"excerpt":{"rendered":"<p>C\u00e9pages: Riesling<br \/>\nUne robe jaune dor\u00e9 et un bon parfum ouvert avec une l\u00e9g\u00e8re douceur fruit\u00e9e. Le bouquet est tr\u00e8s frais, \u00e9l\u00e9gant et \u00e0 caract\u00e8re estival. Les ar\u00f4mes tr\u00e8s typ\u00e9s sont de type citronn\u00e9 et de fleurs blanches de cerisiers. Une pointe agrumes rehausse le final. Ce vin de tr\u00e8s bonne prestance est vif en attaque rendant la pareille au nez. Milieu de bouche puissant et finale persistante en feront saliver plus d\u2019un.<\/p>\n","protected":false},"featured_media":0,"comment_status":"open","ping_status":"closed","template":"","meta":[],"product_cat":[87],"product_tag":[],"class_list":["post-14569","product","type-product","status-publish","hentry","product_cat-vins","berocket_brand-domaine-christian-binner"],"yoast_head":"<!-- This site is optimized with the Yoast SEO plugin v18.0 - https:\/\/yoast.com\/wordpress\/plugins\/seo\/ -->\n<title>sgelt - Atypique Concept Store<\/title>\n<meta name=\"robots\" content=\"index, follow, max-snippet:-1, max-image-preview:large, max-video-preview:-1\" \/>\n<link rel=\"canonical\" href=\"https:\/\/atypique.brunotarhan.fr\/index.php\/produit\/sgelt\/\" \/>\n<meta property=\"og:locale\" content=\"fr_FR\" \/>\n<meta property=\"og:type\" content=\"article\" \/>\n<meta property=\"og:title\" content=\"sgelt - Atypique Concept Store\" \/>\n<meta property=\"og:description\" content=\"C\u00e9pages: Riesling Une robe jaune dor\u00e9 et un bon parfum ouvert avec une l\u00e9g\u00e8re douceur fruit\u00e9e. Le bouquet est tr\u00e8s frais, \u00e9l\u00e9gant et \u00e0 caract\u00e8re estival. Les ar\u00f4mes tr\u00e8s typ\u00e9s sont de type citronn\u00e9 et de fleurs blanches de cerisiers. Une pointe agrumes rehausse le final. Ce vin de tr\u00e8s bonne prestance est vif en attaque rendant la pareille au nez. Milieu de bouche puissant et finale persistante en feront saliver plus d\u2019un.\" \/>\n<meta property=\"og:url\" content=\"https:\/\/atypique.brunotarhan.fr\/index.php\/produit\/sgelt\/\" \/>\n<meta property=\"og:site_name\" content=\"Atypique Concept Store\" \/>\n<meta property=\"article:modified_time\" content=\"2022-04-08T11:17:33+00:00\" \/>\n<meta name=\"twitter:card\" content=\"summary_large_image\" \/>\n<script type=\"application\/ld+json\" class=\"yoast-schema-graph\">{\"@context\":\"https:\/\/schema.org\",\"@graph\":[{\"@type\":\"WebSite\",\"@id\":\"https:\/\/atypique.brunotarhan.fr\/#website\",\"url\":\"https:\/\/atypique.brunotarhan.fr\/\",\"name\":\"Atypique Concept Store\",\"description\":\"Just another WordPress site\",\"potentialAction\":[{\"@type\":\"SearchAction\",\"target\":{\"@type\":\"EntryPoint\",\"urlTemplate\":\"https:\/\/atypique.brunotarhan.fr\/?s={search_term_string}\"},\"query-input\":\"required name=search_term_string\"}],\"inLanguage\":\"fr-FR\"},{\"@type\":\"WebPage\",\"@id\":\"https:\/\/atypique.brunotarhan.fr\/index.php\/produit\/sgelt\/#webpage\",\"url\":\"https:\/\/atypique.brunotarhan.fr\/index.php\/produit\/sgelt\/\",\"name\":\"sgelt - Atypique Concept Store\",\"isPartOf\":{\"@id\":\"https:\/\/atypique.brunotarhan.fr\/#website\"},\"datePublished\":\"2022-03-28T07:33:50+00:00\",\"dateModified\":\"2022-04-08T11:17:33+00:00\",\"breadcrumb\":{\"@id\":\"https:\/\/atypique.brunotarhan.fr\/index.php\/produit\/sgelt\/#breadcrumb\"},\"inLanguage\":\"fr-FR\",\"potentialAction\":[{\"@type\":\"ReadAction\",\"target\":[\"https:\/\/atypique.brunotarhan.fr\/index.php\/produit\/sgelt\/\"]}]},{\"@type\":\"BreadcrumbList\",\"@id\":\"https:\/\/atypique.brunotarhan.fr\/index.php\/produit\/sgelt\/#breadcrumb\",\"itemListElement\":[{\"@type\":\"ListItem\",\"position\":1,\"name\":\"Accueil\",\"item\":\"https:\/\/atypique.brunotarhan.fr\/\"},{\"@type\":\"ListItem\",\"position\":2,\"name\":\"\"},{\"@type\":\"ListItem\",\"position\":3,\"name\":\"sgelt\"}]}]}<\/script>\n<!-- \/ Yoast SEO plugin. -->","yoast_head_json":{"title":"sgelt - Atypique Concept Store","robots":{"index":"index","follow":"follow","max-snippet":"max-snippet:-1","max-image-preview":"max-image-preview:large","max-video-preview":"max-video-preview:-1"},"canonical":"https:\/\/atypique.brunotarhan.fr\/index.php\/produit\/sgelt\/","og_locale":"fr_FR","og_type":"article","og_title":"sgelt - Atypique Concept Store","og_description":"C\u00e9pages: Riesling Une robe jaune dor\u00e9 et un bon parfum ouvert avec une l\u00e9g\u00e8re douceur fruit\u00e9e. Le bouquet est tr\u00e8s frais, \u00e9l\u00e9gant et \u00e0 caract\u00e8re estival. Les ar\u00f4mes tr\u00e8s typ\u00e9s sont de type citronn\u00e9 et de fleurs blanches de cerisiers. Une pointe agrumes rehausse le final. Ce vin de tr\u00e8s bonne prestance est vif en attaque rendant la pareille au nez. Milieu de bouche puissant et finale persistante en feront saliver plus d\u2019un.","og_url":"https:\/\/atypique.brunotarhan.fr\/index.php\/produit\/sgelt\/","og_site_name":"Atypique Concept Store","article_modified_time":"2022-04-08T11:17:33+00:00","twitter_card":"summary_large_image","schema":{"@context":"https:\/\/schema.org","@graph":[{"@type":"WebSite","@id":"https:\/\/atypique.brunotarhan.fr\/#website","url":"https:\/\/atypique.brunotarhan.fr\/","name":"Atypique Concept Store","description":"Just another WordPress site","potentialAction":[{"@type":"SearchAction","target":{"@type":"EntryPoint","urlTemplate":"https:\/\/atypique.brunotarhan.fr\/?s={search_term_string}"},"query-input":"required name=search_term_string"}],"inLanguage":"fr-FR"},{"@type":"WebPage","@id":"https:\/\/atypique.brunotarhan.fr\/index.php\/produit\/sgelt\/#webpage","url":"https:\/\/atypique.brunotarhan.fr\/index.php\/produit\/sgelt\/","name":"sgelt - Atypique Concept Store","isPartOf":{"@id":"https:\/\/atypique.brunotarhan.fr\/#website"},"datePublished":"2022-03-28T07:33:50+00:00","dateModified":"2022-04-08T11:17:33+00:00","breadcrumb":{"@id":"https:\/\/atypique.brunotarhan.fr\/index.php\/produit\/sgelt\/#breadcrumb"},"inLanguage":"fr-FR","potentialAction":[{"@type":"ReadAction","target":["https:\/\/atypique.brunotarhan.fr\/index.php\/produit\/sgelt\/"]}]},{"@type":"BreadcrumbList","@id":"https:\/\/atypique.brunotarhan.fr\/index.php\/produit\/sgelt\/#breadcrumb","itemListElement":[{"@type":"ListItem","position":1,"name":"Accueil","item":"https:\/\/atypique.brunotarhan.fr\/"},{"@type":"ListItem","position":2,"name":""},{"@type":"ListItem","position":3,"name":"sgelt"}]}]}},"_links":{"self":[{"href":"https:\/\/atypique.brunotarhan.fr\/index.php\/wp-json\/wp\/v2\/product\/14569","targetHints":{"allow":["GET"]}}],"collection":[{"href":"https:\/\/atypique.brunotarhan.fr\/index.php\/wp-json\/wp\/v2\/product"}],"about":[{"href":"https:\/\/atypique.brunotarhan.fr\/index.php\/wp-json\/wp\/v2\/types\/product"}],"replies":[{"embeddable":true,"href":"https:\/\/atypique.brunotarhan.fr\/index.php\/wp-json\/wp\/v2\/comments?post=14569"}],"wp:attachment":[{"href":"https:\/\/atypique.brunotarhan.fr\/index.php\/wp-json\/wp\/v2\/media?parent=14569"}],"wp:term":[{"taxonomy":"product_cat","embeddable":true,"href":"https:\/\/atypique.brunotarhan.fr\/index.php\/wp-json\/wp\/v2\/product_cat?post=14569"},{"taxonomy":"product_tag","embeddable":true,"href":"https:\/\/atypique.brunotarhan.fr\/index.php\/wp-json\/wp\/v2\/product_tag?post=14569"}],"curies":[{"name":"wp","href":"https:\/\/api.w.org\/{rel}","templated":true}]}}