{"id":14568,"date":"2022-03-28T07:33:50","date_gmt":"2022-03-28T07:33:50","guid":{"rendered":"https:\/\/atypique.brunotarhan.fr\/?post_type=product&#038;p=14568"},"modified":"2022-04-08T11:17:29","modified_gmt":"2022-04-08T11:17:29","slug":"les-saveurs","status":"publish","type":"product","link":"https:\/\/atypique.brunotarhan.fr\/index.php\/produit\/les-saveurs\/","title":{"rendered":"Les saveurs"},"content":{"rendered":"","protected":false},"excerpt":{"rendered":"<p>C&#8217;est leur &#8220;petite&#8221; cuv\u00e9e, leur entr\u00e9e de gamme si vous pr\u00e9f\u00e9rez. Cette cuv\u00e9e est une belle entr\u00e9e en mati\u00e8re pour d\u00e9couvrir le style du domaine Binner. Issu d&#8217;un assemblage de diff\u00e9rents c\u00e9pages autochtones, &#8220;Les Saveurs&#8221; est une invitation au partage. Tr\u00e8s ar\u00f4matique, le vin allie une surprenante fra\u00eecheur et une agr\u00e9able rondeur. Un l\u00e9ger d\u00e9p\u00f4t peut se former au fond de la bouteille. Ce vin est \u00e9tonnant pour beaucoup de raisons, \u00e0 commencer par son prix !<\/p>\n","protected":false},"featured_media":0,"comment_status":"open","ping_status":"closed","template":"","meta":[],"product_cat":[87],"product_tag":[],"class_list":["post-14568","product","type-product","status-publish","hentry","product_cat-vins","berocket_brand-domaine-christian-binner"],"yoast_head":"<!-- This site is optimized with the Yoast SEO plugin v18.0 - https:\/\/yoast.com\/wordpress\/plugins\/seo\/ -->\n<title>Les saveurs - Atypique Concept Store<\/title>\n<meta name=\"robots\" content=\"index, follow, max-snippet:-1, max-image-preview:large, max-video-preview:-1\" \/>\n<link rel=\"canonical\" href=\"https:\/\/atypique.brunotarhan.fr\/index.php\/produit\/les-saveurs\/\" \/>\n<meta property=\"og:locale\" content=\"fr_FR\" \/>\n<meta property=\"og:type\" content=\"article\" \/>\n<meta property=\"og:title\" content=\"Les saveurs - Atypique Concept Store\" \/>\n<meta property=\"og:description\" content=\"C&#039;est leur &quot;petite&quot; cuv\u00e9e, leur entr\u00e9e de gamme si vous pr\u00e9f\u00e9rez. Cette cuv\u00e9e est une belle entr\u00e9e en mati\u00e8re pour d\u00e9couvrir le style du domaine Binner. Issu d&#039;un assemblage de diff\u00e9rents c\u00e9pages autochtones, &quot;Les Saveurs&quot; est une invitation au partage. Tr\u00e8s ar\u00f4matique, le vin allie une surprenante fra\u00eecheur et une agr\u00e9able rondeur. Un l\u00e9ger d\u00e9p\u00f4t peut se former au fond de la bouteille. Ce vin est \u00e9tonnant pour beaucoup de raisons, \u00e0 commencer par son prix !\" \/>\n<meta property=\"og:url\" content=\"https:\/\/atypique.brunotarhan.fr\/index.php\/produit\/les-saveurs\/\" \/>\n<meta property=\"og:site_name\" content=\"Atypique Concept Store\" \/>\n<meta property=\"article:modified_time\" content=\"2022-04-08T11:17:29+00:00\" \/>\n<meta name=\"twitter:card\" content=\"summary_large_image\" \/>\n<script type=\"application\/ld+json\" class=\"yoast-schema-graph\">{\"@context\":\"https:\/\/schema.org\",\"@graph\":[{\"@type\":\"WebSite\",\"@id\":\"https:\/\/atypique.brunotarhan.fr\/#website\",\"url\":\"https:\/\/atypique.brunotarhan.fr\/\",\"name\":\"Atypique Concept Store\",\"description\":\"Just another WordPress site\",\"potentialAction\":[{\"@type\":\"SearchAction\",\"target\":{\"@type\":\"EntryPoint\",\"urlTemplate\":\"https:\/\/atypique.brunotarhan.fr\/?s={search_term_string}\"},\"query-input\":\"required name=search_term_string\"}],\"inLanguage\":\"fr-FR\"},{\"@type\":\"WebPage\",\"@id\":\"https:\/\/atypique.brunotarhan.fr\/index.php\/produit\/les-saveurs\/#webpage\",\"url\":\"https:\/\/atypique.brunotarhan.fr\/index.php\/produit\/les-saveurs\/\",\"name\":\"Les saveurs - Atypique Concept Store\",\"isPartOf\":{\"@id\":\"https:\/\/atypique.brunotarhan.fr\/#website\"},\"datePublished\":\"2022-03-28T07:33:50+00:00\",\"dateModified\":\"2022-04-08T11:17:29+00:00\",\"breadcrumb\":{\"@id\":\"https:\/\/atypique.brunotarhan.fr\/index.php\/produit\/les-saveurs\/#breadcrumb\"},\"inLanguage\":\"fr-FR\",\"potentialAction\":[{\"@type\":\"ReadAction\",\"target\":[\"https:\/\/atypique.brunotarhan.fr\/index.php\/produit\/les-saveurs\/\"]}]},{\"@type\":\"BreadcrumbList\",\"@id\":\"https:\/\/atypique.brunotarhan.fr\/index.php\/produit\/les-saveurs\/#breadcrumb\",\"itemListElement\":[{\"@type\":\"ListItem\",\"position\":1,\"name\":\"Accueil\",\"item\":\"https:\/\/atypique.brunotarhan.fr\/\"},{\"@type\":\"ListItem\",\"position\":2,\"name\":\"\"},{\"@type\":\"ListItem\",\"position\":3,\"name\":\"Les saveurs\"}]}]}<\/script>\n<!-- \/ Yoast SEO plugin. -->","yoast_head_json":{"title":"Les saveurs - Atypique Concept Store","robots":{"index":"index","follow":"follow","max-snippet":"max-snippet:-1","max-image-preview":"max-image-preview:large","max-video-preview":"max-video-preview:-1"},"canonical":"https:\/\/atypique.brunotarhan.fr\/index.php\/produit\/les-saveurs\/","og_locale":"fr_FR","og_type":"article","og_title":"Les saveurs - Atypique Concept Store","og_description":"C'est leur \"petite\" cuv\u00e9e, leur entr\u00e9e de gamme si vous pr\u00e9f\u00e9rez. Cette cuv\u00e9e est une belle entr\u00e9e en mati\u00e8re pour d\u00e9couvrir le style du domaine Binner. Issu d'un assemblage de diff\u00e9rents c\u00e9pages autochtones, \"Les Saveurs\" est une invitation au partage. Tr\u00e8s ar\u00f4matique, le vin allie une surprenante fra\u00eecheur et une agr\u00e9able rondeur. Un l\u00e9ger d\u00e9p\u00f4t peut se former au fond de la bouteille. Ce vin est \u00e9tonnant pour beaucoup de raisons, \u00e0 commencer par son prix !","og_url":"https:\/\/atypique.brunotarhan.fr\/index.php\/produit\/les-saveurs\/","og_site_name":"Atypique Concept Store","article_modified_time":"2022-04-08T11:17:29+00:00","twitter_card":"summary_large_image","schema":{"@context":"https:\/\/schema.org","@graph":[{"@type":"WebSite","@id":"https:\/\/atypique.brunotarhan.fr\/#website","url":"https:\/\/atypique.brunotarhan.fr\/","name":"Atypique Concept Store","description":"Just another WordPress site","potentialAction":[{"@type":"SearchAction","target":{"@type":"EntryPoint","urlTemplate":"https:\/\/atypique.brunotarhan.fr\/?s={search_term_string}"},"query-input":"required name=search_term_string"}],"inLanguage":"fr-FR"},{"@type":"WebPage","@id":"https:\/\/atypique.brunotarhan.fr\/index.php\/produit\/les-saveurs\/#webpage","url":"https:\/\/atypique.brunotarhan.fr\/index.php\/produit\/les-saveurs\/","name":"Les saveurs - Atypique Concept Store","isPartOf":{"@id":"https:\/\/atypique.brunotarhan.fr\/#website"},"datePublished":"2022-03-28T07:33:50+00:00","dateModified":"2022-04-08T11:17:29+00:00","breadcrumb":{"@id":"https:\/\/atypique.brunotarhan.fr\/index.php\/produit\/les-saveurs\/#breadcrumb"},"inLanguage":"fr-FR","potentialAction":[{"@type":"ReadAction","target":["https:\/\/atypique.brunotarhan.fr\/index.php\/produit\/les-saveurs\/"]}]},{"@type":"BreadcrumbList","@id":"https:\/\/atypique.brunotarhan.fr\/index.php\/produit\/les-saveurs\/#breadcrumb","itemListElement":[{"@type":"ListItem","position":1,"name":"Accueil","item":"https:\/\/atypique.brunotarhan.fr\/"},{"@type":"ListItem","position":2,"name":""},{"@type":"ListItem","position":3,"name":"Les saveurs"}]}]}},"_links":{"self":[{"href":"https:\/\/atypique.brunotarhan.fr\/index.php\/wp-json\/wp\/v2\/product\/14568","targetHints":{"allow":["GET"]}}],"collection":[{"href":"https:\/\/atypique.brunotarhan.fr\/index.php\/wp-json\/wp\/v2\/product"}],"about":[{"href":"https:\/\/atypique.brunotarhan.fr\/index.php\/wp-json\/wp\/v2\/types\/product"}],"replies":[{"embeddable":true,"href":"https:\/\/atypique.brunotarhan.fr\/index.php\/wp-json\/wp\/v2\/comments?post=14568"}],"wp:attachment":[{"href":"https:\/\/atypique.brunotarhan.fr\/index.php\/wp-json\/wp\/v2\/media?parent=14568"}],"wp:term":[{"taxonomy":"product_cat","embeddable":true,"href":"https:\/\/atypique.brunotarhan.fr\/index.php\/wp-json\/wp\/v2\/product_cat?post=14568"},{"taxonomy":"product_tag","embeddable":true,"href":"https:\/\/atypique.brunotarhan.fr\/index.php\/wp-json\/wp\/v2\/product_tag?post=14568"}],"curies":[{"name":"wp","href":"https:\/\/api.w.org\/{rel}","templated":true}]}}