{"id":14565,"date":"2022-03-28T07:33:49","date_gmt":"2022-03-28T07:33:49","guid":{"rendered":"https:\/\/atypique.brunotarhan.fr\/?post_type=product&#038;p=14565"},"modified":"2022-04-08T11:17:23","modified_gmt":"2022-04-08T11:17:23","slug":"kaefferkopf-grand-cru","status":"publish","type":"product","link":"https:\/\/atypique.brunotarhan.fr\/index.php\/produit\/kaefferkopf-grand-cru\/","title":{"rendered":"Kaefferkopf grand cru"},"content":{"rendered":"<p>Audrey et Christian Binner ,\u00e0 la recherche de plus de pr\u00e9cision, Audrey et Christian peaufine ses vins dans sa nouvelle cave &#8220;bioclimatique&#8221; et \u00e9nerg\u00e9tique faites de gr\u00e8s et de bois des Vosges : son oeuvre d&#8217;art ! Les Binner sont vignerons depuis 1770 dans la \u00ab poche de Colmar \u00bb \u00e0 Ammerschwhir. Les 11 hectares sont exploit\u00e9s en famille. La production de 50000 bouteilles par an en biodynamie justifie un personnel nombreux : les Binner ont toujours fait le choix de la qualit\u00e9 par rapport \u00e0 la quantit\u00e9. La viticulture respectueuse de l\u2019environnement (pas de pesticides, pas de d\u00e9sherbants), des vignes soign\u00e9es aux produits phytosanitaires d&#8217;origine naturelle, un tri s\u00e9v\u00e8re des raisins apr\u00e8s des vendanges manuelles r\u00e9duisent les rendements (45 hl\/ha en comparaison des 88 hl autoris\u00e9s sur l\u2019appellation).\tLa vinification est tout aussi s\u00e9rieuse (pas d\u2019intrants, pas de soufre, sauf cas particuliers) et peu de filtration, \u00e9levage en foudres centenaires pendant 11 mois minimum. La labellisation Ecocert en 2005 a r\u00e9compens\u00e9 leurs efforts et aujourd&#8217;hui les vignes profitent de leur capital sant\u00e9. Les Riesling , Pinots blancs, gris et noirs, Gew\u00fcrtztraminer ou muscat profitent d\u2019un ensoleillement exceptionnel sur c\u00f4teaux (jusqu\u2019\u00e0 60% de pente) expos\u00e9s sud\/sud-est pour la plupart.Ils s\u2019\u00e9panouissent sur les sols granitiques de Hinterberg, des Grands Crus Schlossberg, Wineck Schlossberg et surtout Kaefferkopf. <\/p>\n","protected":false},"excerpt":{"rendered":"<p>C\u00e9page &#8211; Gewurztraminer, Muscat \u00e0 petits grains, Riesling<br \/>\nCette pratique historique d&#8217;assembler les diff\u00e9rents c\u00e9pages, r\u00e9alis\u00e9e traditionnellement par le Grand P\u00e8re de Christian est \u00e0 pr\u00e9sent \u00e0 nouveau autoris\u00e9e au sein de l&#8217;AOP Alsace Grand Cru Kaefferkopf. La cuv\u00e9e &#8220;Kaefferkopf l&#8217;Original&#8221; est donc tout naturellement n\u00e9e de l&#8217;assemblage directement au pressoir de tous les c\u00e9pages cultiv\u00e9s sur le Kaefferkopf que nous vous invitons \u00e0 d\u00e9couvrir.<br \/>\nUn Grand Vin de Terroir alsacien est n\u00e9, o\u00f9 l&#8217;essence m\u00eame du Kaefferkopf s&#8217;exprime tout naturellement. De par sa vinification naturelle, avec tr\u00e8s peu de souffre, peut d\u00e9velopper une l\u00e9g\u00e8re p\u00e9tillence. Il retrouvera son esth\u00e9tique &#8220;classique&#8221; apr\u00e8s un passage en carafe.<\/p>\n<p>Vin vivant, non st\u00e9rilis\u00e9 !<\/p>\n","protected":false},"featured_media":0,"comment_status":"open","ping_status":"closed","template":"","meta":[],"product_cat":[87],"product_tag":[],"class_list":["post-14565","product","type-product","status-publish","hentry","product_cat-vins","berocket_brand-domaine-christian-binner"],"yoast_head":"<!-- This site is optimized with the Yoast SEO plugin v18.0 - https:\/\/yoast.com\/wordpress\/plugins\/seo\/ -->\n<title>Kaefferkopf grand cru - Atypique Concept Store<\/title>\n<meta name=\"robots\" content=\"index, follow, max-snippet:-1, max-image-preview:large, max-video-preview:-1\" \/>\n<link rel=\"canonical\" href=\"https:\/\/atypique.brunotarhan.fr\/index.php\/produit\/kaefferkopf-grand-cru\/\" \/>\n<meta property=\"og:locale\" content=\"fr_FR\" \/>\n<meta property=\"og:type\" content=\"article\" \/>\n<meta property=\"og:title\" content=\"Kaefferkopf grand cru - Atypique Concept Store\" \/>\n<meta property=\"og:description\" content=\"C\u00e9page - Gewurztraminer, Muscat \u00e0 petits grains, Riesling Cette pratique historique d&#039;assembler les diff\u00e9rents c\u00e9pages, r\u00e9alis\u00e9e traditionnellement par le Grand P\u00e8re de Christian est \u00e0 pr\u00e9sent \u00e0 nouveau autoris\u00e9e au sein de l&#039;AOP Alsace Grand Cru Kaefferkopf. La cuv\u00e9e &quot;Kaefferkopf l&#039;Original&quot; est donc tout naturellement n\u00e9e de l&#039;assemblage directement au pressoir de tous les c\u00e9pages cultiv\u00e9s sur le Kaefferkopf que nous vous invitons \u00e0 d\u00e9couvrir. Un Grand Vin de Terroir alsacien est n\u00e9, o\u00f9 l&#039;essence m\u00eame du Kaefferkopf s&#039;exprime tout naturellement. De par sa vinification naturelle, avec tr\u00e8s peu de souffre, peut d\u00e9velopper une l\u00e9g\u00e8re p\u00e9tillence. Il retrouvera son esth\u00e9tique &quot;classique&quot; apr\u00e8s un passage en carafe. Vin vivant, non st\u00e9rilis\u00e9 !\" \/>\n<meta property=\"og:url\" content=\"https:\/\/atypique.brunotarhan.fr\/index.php\/produit\/kaefferkopf-grand-cru\/\" \/>\n<meta property=\"og:site_name\" content=\"Atypique Concept Store\" \/>\n<meta property=\"article:modified_time\" content=\"2022-04-08T11:17:23+00:00\" \/>\n<meta name=\"twitter:card\" content=\"summary_large_image\" \/>\n<meta name=\"twitter:label1\" content=\"Dur\u00e9e de lecture estim\u00e9e\" \/>\n\t<meta name=\"twitter:data1\" content=\"1 minute\" \/>\n<script type=\"application\/ld+json\" class=\"yoast-schema-graph\">{\"@context\":\"https:\/\/schema.org\",\"@graph\":[{\"@type\":\"WebSite\",\"@id\":\"https:\/\/atypique.brunotarhan.fr\/#website\",\"url\":\"https:\/\/atypique.brunotarhan.fr\/\",\"name\":\"Atypique Concept Store\",\"description\":\"Just another WordPress site\",\"potentialAction\":[{\"@type\":\"SearchAction\",\"target\":{\"@type\":\"EntryPoint\",\"urlTemplate\":\"https:\/\/atypique.brunotarhan.fr\/?s={search_term_string}\"},\"query-input\":\"required name=search_term_string\"}],\"inLanguage\":\"fr-FR\"},{\"@type\":\"WebPage\",\"@id\":\"https:\/\/atypique.brunotarhan.fr\/index.php\/produit\/kaefferkopf-grand-cru\/#webpage\",\"url\":\"https:\/\/atypique.brunotarhan.fr\/index.php\/produit\/kaefferkopf-grand-cru\/\",\"name\":\"Kaefferkopf grand cru - Atypique Concept Store\",\"isPartOf\":{\"@id\":\"https:\/\/atypique.brunotarhan.fr\/#website\"},\"datePublished\":\"2022-03-28T07:33:49+00:00\",\"dateModified\":\"2022-04-08T11:17:23+00:00\",\"breadcrumb\":{\"@id\":\"https:\/\/atypique.brunotarhan.fr\/index.php\/produit\/kaefferkopf-grand-cru\/#breadcrumb\"},\"inLanguage\":\"fr-FR\",\"potentialAction\":[{\"@type\":\"ReadAction\",\"target\":[\"https:\/\/atypique.brunotarhan.fr\/index.php\/produit\/kaefferkopf-grand-cru\/\"]}]},{\"@type\":\"BreadcrumbList\",\"@id\":\"https:\/\/atypique.brunotarhan.fr\/index.php\/produit\/kaefferkopf-grand-cru\/#breadcrumb\",\"itemListElement\":[{\"@type\":\"ListItem\",\"position\":1,\"name\":\"Accueil\",\"item\":\"https:\/\/atypique.brunotarhan.fr\/\"},{\"@type\":\"ListItem\",\"position\":2,\"name\":\"\"},{\"@type\":\"ListItem\",\"position\":3,\"name\":\"Kaefferkopf grand cru\"}]}]}<\/script>\n<!-- \/ Yoast SEO plugin. -->","yoast_head_json":{"title":"Kaefferkopf grand cru - Atypique Concept Store","robots":{"index":"index","follow":"follow","max-snippet":"max-snippet:-1","max-image-preview":"max-image-preview:large","max-video-preview":"max-video-preview:-1"},"canonical":"https:\/\/atypique.brunotarhan.fr\/index.php\/produit\/kaefferkopf-grand-cru\/","og_locale":"fr_FR","og_type":"article","og_title":"Kaefferkopf grand cru - Atypique Concept Store","og_description":"C\u00e9page - Gewurztraminer, Muscat \u00e0 petits grains, Riesling Cette pratique historique d'assembler les diff\u00e9rents c\u00e9pages, r\u00e9alis\u00e9e traditionnellement par le Grand P\u00e8re de Christian est \u00e0 pr\u00e9sent \u00e0 nouveau autoris\u00e9e au sein de l'AOP Alsace Grand Cru Kaefferkopf. La cuv\u00e9e \"Kaefferkopf l'Original\" est donc tout naturellement n\u00e9e de l'assemblage directement au pressoir de tous les c\u00e9pages cultiv\u00e9s sur le Kaefferkopf que nous vous invitons \u00e0 d\u00e9couvrir. Un Grand Vin de Terroir alsacien est n\u00e9, o\u00f9 l'essence m\u00eame du Kaefferkopf s'exprime tout naturellement. De par sa vinification naturelle, avec tr\u00e8s peu de souffre, peut d\u00e9velopper une l\u00e9g\u00e8re p\u00e9tillence. Il retrouvera son esth\u00e9tique \"classique\" apr\u00e8s un passage en carafe. Vin vivant, non st\u00e9rilis\u00e9 !","og_url":"https:\/\/atypique.brunotarhan.fr\/index.php\/produit\/kaefferkopf-grand-cru\/","og_site_name":"Atypique Concept Store","article_modified_time":"2022-04-08T11:17:23+00:00","twitter_card":"summary_large_image","twitter_misc":{"Dur\u00e9e de lecture estim\u00e9e":"1 minute"},"schema":{"@context":"https:\/\/schema.org","@graph":[{"@type":"WebSite","@id":"https:\/\/atypique.brunotarhan.fr\/#website","url":"https:\/\/atypique.brunotarhan.fr\/","name":"Atypique Concept Store","description":"Just another WordPress site","potentialAction":[{"@type":"SearchAction","target":{"@type":"EntryPoint","urlTemplate":"https:\/\/atypique.brunotarhan.fr\/?s={search_term_string}"},"query-input":"required name=search_term_string"}],"inLanguage":"fr-FR"},{"@type":"WebPage","@id":"https:\/\/atypique.brunotarhan.fr\/index.php\/produit\/kaefferkopf-grand-cru\/#webpage","url":"https:\/\/atypique.brunotarhan.fr\/index.php\/produit\/kaefferkopf-grand-cru\/","name":"Kaefferkopf grand cru - Atypique Concept Store","isPartOf":{"@id":"https:\/\/atypique.brunotarhan.fr\/#website"},"datePublished":"2022-03-28T07:33:49+00:00","dateModified":"2022-04-08T11:17:23+00:00","breadcrumb":{"@id":"https:\/\/atypique.brunotarhan.fr\/index.php\/produit\/kaefferkopf-grand-cru\/#breadcrumb"},"inLanguage":"fr-FR","potentialAction":[{"@type":"ReadAction","target":["https:\/\/atypique.brunotarhan.fr\/index.php\/produit\/kaefferkopf-grand-cru\/"]}]},{"@type":"BreadcrumbList","@id":"https:\/\/atypique.brunotarhan.fr\/index.php\/produit\/kaefferkopf-grand-cru\/#breadcrumb","itemListElement":[{"@type":"ListItem","position":1,"name":"Accueil","item":"https:\/\/atypique.brunotarhan.fr\/"},{"@type":"ListItem","position":2,"name":""},{"@type":"ListItem","position":3,"name":"Kaefferkopf grand cru"}]}]}},"_links":{"self":[{"href":"https:\/\/atypique.brunotarhan.fr\/index.php\/wp-json\/wp\/v2\/product\/14565","targetHints":{"allow":["GET"]}}],"collection":[{"href":"https:\/\/atypique.brunotarhan.fr\/index.php\/wp-json\/wp\/v2\/product"}],"about":[{"href":"https:\/\/atypique.brunotarhan.fr\/index.php\/wp-json\/wp\/v2\/types\/product"}],"replies":[{"embeddable":true,"href":"https:\/\/atypique.brunotarhan.fr\/index.php\/wp-json\/wp\/v2\/comments?post=14565"}],"wp:attachment":[{"href":"https:\/\/atypique.brunotarhan.fr\/index.php\/wp-json\/wp\/v2\/media?parent=14565"}],"wp:term":[{"taxonomy":"product_cat","embeddable":true,"href":"https:\/\/atypique.brunotarhan.fr\/index.php\/wp-json\/wp\/v2\/product_cat?post=14565"},{"taxonomy":"product_tag","embeddable":true,"href":"https:\/\/atypique.brunotarhan.fr\/index.php\/wp-json\/wp\/v2\/product_tag?post=14565"}],"curies":[{"name":"wp","href":"https:\/\/api.w.org\/{rel}","templated":true}]}}