{"id":14564,"date":"2022-03-28T07:33:49","date_gmt":"2022-03-28T07:33:49","guid":{"rendered":"https:\/\/atypique.brunotarhan.fr\/?post_type=product&#038;p=14564"},"modified":"2022-04-08T11:17:21","modified_gmt":"2022-04-08T11:17:21","slug":"zenith-2","status":"publish","type":"product","link":"https:\/\/atypique.brunotarhan.fr\/index.php\/produit\/zenith-2\/","title":{"rendered":"Z\u00e9nith"},"content":{"rendered":"","protected":false},"excerpt":{"rendered":"<p>100% chenin issu de massale r\u00e9cup\u00e9r\u00e9 par Baptiste Nayrand dans la vall\u00e9e de la Loire et plant\u00e9e en 2016 sur un terroir de moraines glaciaires. Pour une des toutes premi\u00e8res r\u00e9coltes, il en a fait un vin blanc de mac\u00e9ration (de type orange) avec une incroyable tension min\u00e9rale et des ar\u00f4mes de foin sec, d&#8217;\u00e9corce d&#8217;orange et de p\u00eache blanche. 50% en pressurage direct et 50% en grappes enti\u00e8res (mac\u00e9ration de 5 semaines en carbo s\u00e8che), suivi d&#8217;un \u00e9levage de 6 mois en demi-muids anciens ! Un vin orange pour lequel on peut pr\u00e9voir des accords tr\u00e8s compliqu\u00e9 comme avec les artichauds. Une cuv\u00e9e rare et confidentielle !<\/p>\n","protected":false},"featured_media":0,"comment_status":"open","ping_status":"closed","template":"","meta":[],"product_cat":[87],"product_tag":[],"class_list":["post-14564","product","type-product","status-publish","hentry","product_cat-vins","berocket_brand-baptiste-nayrand"],"yoast_head":"<!-- This site is optimized with the Yoast SEO plugin v18.0 - https:\/\/yoast.com\/wordpress\/plugins\/seo\/ -->\n<title>Z\u00e9nith - Atypique Concept Store<\/title>\n<meta name=\"robots\" content=\"index, follow, max-snippet:-1, max-image-preview:large, max-video-preview:-1\" \/>\n<link rel=\"canonical\" href=\"https:\/\/atypique.brunotarhan.fr\/index.php\/produit\/zenith-2\/\" \/>\n<meta property=\"og:locale\" content=\"fr_FR\" \/>\n<meta property=\"og:type\" content=\"article\" \/>\n<meta property=\"og:title\" content=\"Z\u00e9nith - Atypique Concept Store\" \/>\n<meta property=\"og:description\" content=\"100% chenin issu de massale r\u00e9cup\u00e9r\u00e9 par Baptiste Nayrand dans la vall\u00e9e de la Loire et plant\u00e9e en 2016 sur un terroir de moraines glaciaires. Pour une des toutes premi\u00e8res r\u00e9coltes, il en a fait un vin blanc de mac\u00e9ration (de type orange) avec une incroyable tension min\u00e9rale et des ar\u00f4mes de foin sec, d&#039;\u00e9corce d&#039;orange et de p\u00eache blanche. 50% en pressurage direct et 50% en grappes enti\u00e8res (mac\u00e9ration de 5 semaines en carbo s\u00e8che), suivi d&#039;un \u00e9levage de 6 mois en demi-muids anciens ! Un vin orange pour lequel on peut pr\u00e9voir des accords tr\u00e8s compliqu\u00e9 comme avec les artichauds. Une cuv\u00e9e rare et confidentielle !\" \/>\n<meta property=\"og:url\" content=\"https:\/\/atypique.brunotarhan.fr\/index.php\/produit\/zenith-2\/\" \/>\n<meta property=\"og:site_name\" content=\"Atypique Concept Store\" \/>\n<meta property=\"article:modified_time\" content=\"2022-04-08T11:17:21+00:00\" \/>\n<meta name=\"twitter:card\" content=\"summary_large_image\" \/>\n<script type=\"application\/ld+json\" class=\"yoast-schema-graph\">{\"@context\":\"https:\/\/schema.org\",\"@graph\":[{\"@type\":\"WebSite\",\"@id\":\"https:\/\/atypique.brunotarhan.fr\/#website\",\"url\":\"https:\/\/atypique.brunotarhan.fr\/\",\"name\":\"Atypique Concept Store\",\"description\":\"Just another WordPress site\",\"potentialAction\":[{\"@type\":\"SearchAction\",\"target\":{\"@type\":\"EntryPoint\",\"urlTemplate\":\"https:\/\/atypique.brunotarhan.fr\/?s={search_term_string}\"},\"query-input\":\"required name=search_term_string\"}],\"inLanguage\":\"fr-FR\"},{\"@type\":\"WebPage\",\"@id\":\"https:\/\/atypique.brunotarhan.fr\/index.php\/produit\/zenith-2\/#webpage\",\"url\":\"https:\/\/atypique.brunotarhan.fr\/index.php\/produit\/zenith-2\/\",\"name\":\"Z\u00e9nith - Atypique Concept Store\",\"isPartOf\":{\"@id\":\"https:\/\/atypique.brunotarhan.fr\/#website\"},\"datePublished\":\"2022-03-28T07:33:49+00:00\",\"dateModified\":\"2022-04-08T11:17:21+00:00\",\"breadcrumb\":{\"@id\":\"https:\/\/atypique.brunotarhan.fr\/index.php\/produit\/zenith-2\/#breadcrumb\"},\"inLanguage\":\"fr-FR\",\"potentialAction\":[{\"@type\":\"ReadAction\",\"target\":[\"https:\/\/atypique.brunotarhan.fr\/index.php\/produit\/zenith-2\/\"]}]},{\"@type\":\"BreadcrumbList\",\"@id\":\"https:\/\/atypique.brunotarhan.fr\/index.php\/produit\/zenith-2\/#breadcrumb\",\"itemListElement\":[{\"@type\":\"ListItem\",\"position\":1,\"name\":\"Accueil\",\"item\":\"https:\/\/atypique.brunotarhan.fr\/\"},{\"@type\":\"ListItem\",\"position\":2,\"name\":\"\"},{\"@type\":\"ListItem\",\"position\":3,\"name\":\"Z\u00e9nith\"}]}]}<\/script>\n<!-- \/ Yoast SEO plugin. -->","yoast_head_json":{"title":"Z\u00e9nith - Atypique Concept Store","robots":{"index":"index","follow":"follow","max-snippet":"max-snippet:-1","max-image-preview":"max-image-preview:large","max-video-preview":"max-video-preview:-1"},"canonical":"https:\/\/atypique.brunotarhan.fr\/index.php\/produit\/zenith-2\/","og_locale":"fr_FR","og_type":"article","og_title":"Z\u00e9nith - Atypique Concept Store","og_description":"100% chenin issu de massale r\u00e9cup\u00e9r\u00e9 par Baptiste Nayrand dans la vall\u00e9e de la Loire et plant\u00e9e en 2016 sur un terroir de moraines glaciaires. Pour une des toutes premi\u00e8res r\u00e9coltes, il en a fait un vin blanc de mac\u00e9ration (de type orange) avec une incroyable tension min\u00e9rale et des ar\u00f4mes de foin sec, d'\u00e9corce d'orange et de p\u00eache blanche. 50% en pressurage direct et 50% en grappes enti\u00e8res (mac\u00e9ration de 5 semaines en carbo s\u00e8che), suivi d'un \u00e9levage de 6 mois en demi-muids anciens ! Un vin orange pour lequel on peut pr\u00e9voir des accords tr\u00e8s compliqu\u00e9 comme avec les artichauds. Une cuv\u00e9e rare et confidentielle !","og_url":"https:\/\/atypique.brunotarhan.fr\/index.php\/produit\/zenith-2\/","og_site_name":"Atypique Concept Store","article_modified_time":"2022-04-08T11:17:21+00:00","twitter_card":"summary_large_image","schema":{"@context":"https:\/\/schema.org","@graph":[{"@type":"WebSite","@id":"https:\/\/atypique.brunotarhan.fr\/#website","url":"https:\/\/atypique.brunotarhan.fr\/","name":"Atypique Concept Store","description":"Just another WordPress site","potentialAction":[{"@type":"SearchAction","target":{"@type":"EntryPoint","urlTemplate":"https:\/\/atypique.brunotarhan.fr\/?s={search_term_string}"},"query-input":"required name=search_term_string"}],"inLanguage":"fr-FR"},{"@type":"WebPage","@id":"https:\/\/atypique.brunotarhan.fr\/index.php\/produit\/zenith-2\/#webpage","url":"https:\/\/atypique.brunotarhan.fr\/index.php\/produit\/zenith-2\/","name":"Z\u00e9nith - Atypique Concept Store","isPartOf":{"@id":"https:\/\/atypique.brunotarhan.fr\/#website"},"datePublished":"2022-03-28T07:33:49+00:00","dateModified":"2022-04-08T11:17:21+00:00","breadcrumb":{"@id":"https:\/\/atypique.brunotarhan.fr\/index.php\/produit\/zenith-2\/#breadcrumb"},"inLanguage":"fr-FR","potentialAction":[{"@type":"ReadAction","target":["https:\/\/atypique.brunotarhan.fr\/index.php\/produit\/zenith-2\/"]}]},{"@type":"BreadcrumbList","@id":"https:\/\/atypique.brunotarhan.fr\/index.php\/produit\/zenith-2\/#breadcrumb","itemListElement":[{"@type":"ListItem","position":1,"name":"Accueil","item":"https:\/\/atypique.brunotarhan.fr\/"},{"@type":"ListItem","position":2,"name":""},{"@type":"ListItem","position":3,"name":"Z\u00e9nith"}]}]}},"_links":{"self":[{"href":"https:\/\/atypique.brunotarhan.fr\/index.php\/wp-json\/wp\/v2\/product\/14564","targetHints":{"allow":["GET"]}}],"collection":[{"href":"https:\/\/atypique.brunotarhan.fr\/index.php\/wp-json\/wp\/v2\/product"}],"about":[{"href":"https:\/\/atypique.brunotarhan.fr\/index.php\/wp-json\/wp\/v2\/types\/product"}],"replies":[{"embeddable":true,"href":"https:\/\/atypique.brunotarhan.fr\/index.php\/wp-json\/wp\/v2\/comments?post=14564"}],"wp:attachment":[{"href":"https:\/\/atypique.brunotarhan.fr\/index.php\/wp-json\/wp\/v2\/media?parent=14564"}],"wp:term":[{"taxonomy":"product_cat","embeddable":true,"href":"https:\/\/atypique.brunotarhan.fr\/index.php\/wp-json\/wp\/v2\/product_cat?post=14564"},{"taxonomy":"product_tag","embeddable":true,"href":"https:\/\/atypique.brunotarhan.fr\/index.php\/wp-json\/wp\/v2\/product_tag?post=14564"}],"curies":[{"name":"wp","href":"https:\/\/api.w.org\/{rel}","templated":true}]}}