{"id":14562,"date":"2022-03-28T07:33:49","date_gmt":"2022-03-28T07:33:49","guid":{"rendered":"https:\/\/atypique.brunotarhan.fr\/?post_type=product&#038;p=14562"},"modified":"2022-04-08T11:17:17","modified_gmt":"2022-04-08T11:17:17","slug":"lastrale","status":"publish","type":"product","link":"https:\/\/atypique.brunotarhan.fr\/index.php\/produit\/lastrale\/","title":{"rendered":"l&#8217;astrale"},"content":{"rendered":"<p>Ancien cadre dans l\u2019industrie chimique, Bapstiste a tout quitt\u00e9 pour vivre sa passion et s\u2019enracine \u00e0 Millery o\u00f9 il prend 3,5 ha  hectares de vignes  repartit sur deux appelations ( AOP Coteaux du Lyonnais et VDP Collines Rhodanniennes). Le domaine a \u00e9t\u00e9 cr\u00e9\u00e9 de toutes pi\u00e8ces en ao\u00fbt 2014. Adepte de la biodynamie, ses parcelles sont travaill\u00e9es en agriculture biologique et \u00ab arros\u00e9es \u00bb r\u00e9guli\u00e8rement de tisanes pour les tonifier. L\u2019ensemble est engag\u00e9 depuis son origine en agriculture biologique et est certifi\u00e9 par ecocert. Les vignes sont donc conduites sans l\u2019utilisation d\u2019aucun produit chimique, pesticide ou engrais de synth\u00e8se. Le domaine pratique enfin la biodynamie avec comme objectif constant de recr\u00e9er le lien d\u2019harmonie entre le min\u00e9ral, le v\u00e9g\u00e9tal, l\u2019humain et le cosmos.<\/p>\n","protected":false},"excerpt":{"rendered":"<p>4 parcelles de vieux Gamay en gobelets plant\u00e9s dans les ann\u00e9es 60 sur terroir de moraine glaciaire, mac\u00e9r\u00e9 en grappes enti\u00e8res pendant 4 semaines. Pas de sulfites ajout\u00e9s, pas de filtration, un pur jus au parfum de cerises et de mirabelles soulign\u00e9 par une bouche gourmande et confitur\u00e9e. Le final est long et offre des tanins fondus.<\/p>\n","protected":false},"featured_media":0,"comment_status":"open","ping_status":"closed","template":"","meta":[],"product_cat":[87],"product_tag":[],"class_list":["post-14562","product","type-product","status-publish","hentry","product_cat-vins","berocket_brand-baptiste-nayrand"],"yoast_head":"<!-- This site is optimized with the Yoast SEO plugin v18.0 - https:\/\/yoast.com\/wordpress\/plugins\/seo\/ -->\n<title>l&#039;astrale - Atypique Concept Store<\/title>\n<meta name=\"robots\" content=\"index, follow, max-snippet:-1, max-image-preview:large, max-video-preview:-1\" \/>\n<link rel=\"canonical\" href=\"https:\/\/atypique.brunotarhan.fr\/index.php\/produit\/lastrale\/\" \/>\n<meta property=\"og:locale\" content=\"fr_FR\" \/>\n<meta property=\"og:type\" content=\"article\" \/>\n<meta property=\"og:title\" content=\"l&#039;astrale - Atypique Concept Store\" \/>\n<meta property=\"og:description\" content=\"4 parcelles de vieux Gamay en gobelets plant\u00e9s dans les ann\u00e9es 60 sur terroir de moraine glaciaire, mac\u00e9r\u00e9 en grappes enti\u00e8res pendant 4 semaines. Pas de sulfites ajout\u00e9s, pas de filtration, un pur jus au parfum de cerises et de mirabelles soulign\u00e9 par une bouche gourmande et confitur\u00e9e. Le final est long et offre des tanins fondus.\" \/>\n<meta property=\"og:url\" content=\"https:\/\/atypique.brunotarhan.fr\/index.php\/produit\/lastrale\/\" \/>\n<meta property=\"og:site_name\" content=\"Atypique Concept Store\" \/>\n<meta property=\"article:modified_time\" content=\"2022-04-08T11:17:17+00:00\" \/>\n<meta name=\"twitter:card\" content=\"summary_large_image\" \/>\n<meta name=\"twitter:label1\" content=\"Dur\u00e9e de lecture estim\u00e9e\" \/>\n\t<meta name=\"twitter:data1\" content=\"1 minute\" \/>\n<script type=\"application\/ld+json\" class=\"yoast-schema-graph\">{\"@context\":\"https:\/\/schema.org\",\"@graph\":[{\"@type\":\"WebSite\",\"@id\":\"https:\/\/atypique.brunotarhan.fr\/#website\",\"url\":\"https:\/\/atypique.brunotarhan.fr\/\",\"name\":\"Atypique Concept Store\",\"description\":\"Just another WordPress site\",\"potentialAction\":[{\"@type\":\"SearchAction\",\"target\":{\"@type\":\"EntryPoint\",\"urlTemplate\":\"https:\/\/atypique.brunotarhan.fr\/?s={search_term_string}\"},\"query-input\":\"required name=search_term_string\"}],\"inLanguage\":\"fr-FR\"},{\"@type\":\"WebPage\",\"@id\":\"https:\/\/atypique.brunotarhan.fr\/index.php\/produit\/lastrale\/#webpage\",\"url\":\"https:\/\/atypique.brunotarhan.fr\/index.php\/produit\/lastrale\/\",\"name\":\"l'astrale - Atypique Concept Store\",\"isPartOf\":{\"@id\":\"https:\/\/atypique.brunotarhan.fr\/#website\"},\"datePublished\":\"2022-03-28T07:33:49+00:00\",\"dateModified\":\"2022-04-08T11:17:17+00:00\",\"breadcrumb\":{\"@id\":\"https:\/\/atypique.brunotarhan.fr\/index.php\/produit\/lastrale\/#breadcrumb\"},\"inLanguage\":\"fr-FR\",\"potentialAction\":[{\"@type\":\"ReadAction\",\"target\":[\"https:\/\/atypique.brunotarhan.fr\/index.php\/produit\/lastrale\/\"]}]},{\"@type\":\"BreadcrumbList\",\"@id\":\"https:\/\/atypique.brunotarhan.fr\/index.php\/produit\/lastrale\/#breadcrumb\",\"itemListElement\":[{\"@type\":\"ListItem\",\"position\":1,\"name\":\"Accueil\",\"item\":\"https:\/\/atypique.brunotarhan.fr\/\"},{\"@type\":\"ListItem\",\"position\":2,\"name\":\"\"},{\"@type\":\"ListItem\",\"position\":3,\"name\":\"l&#8217;astrale\"}]}]}<\/script>\n<!-- \/ Yoast SEO plugin. -->","yoast_head_json":{"title":"l'astrale - Atypique Concept Store","robots":{"index":"index","follow":"follow","max-snippet":"max-snippet:-1","max-image-preview":"max-image-preview:large","max-video-preview":"max-video-preview:-1"},"canonical":"https:\/\/atypique.brunotarhan.fr\/index.php\/produit\/lastrale\/","og_locale":"fr_FR","og_type":"article","og_title":"l'astrale - Atypique Concept Store","og_description":"4 parcelles de vieux Gamay en gobelets plant\u00e9s dans les ann\u00e9es 60 sur terroir de moraine glaciaire, mac\u00e9r\u00e9 en grappes enti\u00e8res pendant 4 semaines. Pas de sulfites ajout\u00e9s, pas de filtration, un pur jus au parfum de cerises et de mirabelles soulign\u00e9 par une bouche gourmande et confitur\u00e9e. Le final est long et offre des tanins fondus.","og_url":"https:\/\/atypique.brunotarhan.fr\/index.php\/produit\/lastrale\/","og_site_name":"Atypique Concept Store","article_modified_time":"2022-04-08T11:17:17+00:00","twitter_card":"summary_large_image","twitter_misc":{"Dur\u00e9e de lecture estim\u00e9e":"1 minute"},"schema":{"@context":"https:\/\/schema.org","@graph":[{"@type":"WebSite","@id":"https:\/\/atypique.brunotarhan.fr\/#website","url":"https:\/\/atypique.brunotarhan.fr\/","name":"Atypique Concept Store","description":"Just another WordPress site","potentialAction":[{"@type":"SearchAction","target":{"@type":"EntryPoint","urlTemplate":"https:\/\/atypique.brunotarhan.fr\/?s={search_term_string}"},"query-input":"required name=search_term_string"}],"inLanguage":"fr-FR"},{"@type":"WebPage","@id":"https:\/\/atypique.brunotarhan.fr\/index.php\/produit\/lastrale\/#webpage","url":"https:\/\/atypique.brunotarhan.fr\/index.php\/produit\/lastrale\/","name":"l'astrale - Atypique Concept Store","isPartOf":{"@id":"https:\/\/atypique.brunotarhan.fr\/#website"},"datePublished":"2022-03-28T07:33:49+00:00","dateModified":"2022-04-08T11:17:17+00:00","breadcrumb":{"@id":"https:\/\/atypique.brunotarhan.fr\/index.php\/produit\/lastrale\/#breadcrumb"},"inLanguage":"fr-FR","potentialAction":[{"@type":"ReadAction","target":["https:\/\/atypique.brunotarhan.fr\/index.php\/produit\/lastrale\/"]}]},{"@type":"BreadcrumbList","@id":"https:\/\/atypique.brunotarhan.fr\/index.php\/produit\/lastrale\/#breadcrumb","itemListElement":[{"@type":"ListItem","position":1,"name":"Accueil","item":"https:\/\/atypique.brunotarhan.fr\/"},{"@type":"ListItem","position":2,"name":""},{"@type":"ListItem","position":3,"name":"l&#8217;astrale"}]}]}},"_links":{"self":[{"href":"https:\/\/atypique.brunotarhan.fr\/index.php\/wp-json\/wp\/v2\/product\/14562","targetHints":{"allow":["GET"]}}],"collection":[{"href":"https:\/\/atypique.brunotarhan.fr\/index.php\/wp-json\/wp\/v2\/product"}],"about":[{"href":"https:\/\/atypique.brunotarhan.fr\/index.php\/wp-json\/wp\/v2\/types\/product"}],"replies":[{"embeddable":true,"href":"https:\/\/atypique.brunotarhan.fr\/index.php\/wp-json\/wp\/v2\/comments?post=14562"}],"wp:attachment":[{"href":"https:\/\/atypique.brunotarhan.fr\/index.php\/wp-json\/wp\/v2\/media?parent=14562"}],"wp:term":[{"taxonomy":"product_cat","embeddable":true,"href":"https:\/\/atypique.brunotarhan.fr\/index.php\/wp-json\/wp\/v2\/product_cat?post=14562"},{"taxonomy":"product_tag","embeddable":true,"href":"https:\/\/atypique.brunotarhan.fr\/index.php\/wp-json\/wp\/v2\/product_tag?post=14562"}],"curies":[{"name":"wp","href":"https:\/\/api.w.org\/{rel}","templated":true}]}}