{"id":14561,"date":"2022-03-28T07:33:49","date_gmt":"2022-03-28T07:33:49","guid":{"rendered":"https:\/\/atypique.brunotarhan.fr\/?post_type=product&#038;p=14561"},"modified":"2022-04-08T11:17:13","modified_gmt":"2022-04-08T11:17:13","slug":"au-gre-du-vent-2","status":"publish","type":"product","link":"https:\/\/atypique.brunotarhan.fr\/index.php\/produit\/au-gre-du-vent-2\/","title":{"rendered":"Au gr\u00e9 du vent"},"content":{"rendered":"","protected":false},"excerpt":{"rendered":"<p> est \u00e9labor\u00e9 \u00e0 partir de 70 % de grenaches, 15 % mourv\u00e8dre, 15 % de c\u00e9pages complant\u00e9s d&#8217;alicante, clairette blanche et rose, aramon, carignan&#8230;, r\u00e9colt\u00e9s \u00e0 la main sur notre parcelle de vieilles vignes ag\u00e9es de 76 ans \u00e0 80 ans . Une fois foul\u00e9s, les raisins ont \u00e9t\u00e9 vinifi\u00e9s en cuves inox : levures indig\u00e8nes, aucun intrant et sans sulfites ajout\u00e9s.<br \/>\nLa mac\u00e9ration a dur\u00e9 25 jours et l&#8217;\u00e9levage 10 mois en amphore en gr\u00e9.<br \/>\nGarde : 10 ans et plus si affinit\u00e9<\/p>\n","protected":false},"featured_media":0,"comment_status":"open","ping_status":"closed","template":"","meta":[],"product_cat":[87],"product_tag":[],"class_list":["post-14561","product","type-product","status-publish","hentry","product_cat-vins","berocket_brand-domaine-badea-philippe"],"yoast_head":"<!-- This site is optimized with the Yoast SEO plugin v18.0 - https:\/\/yoast.com\/wordpress\/plugins\/seo\/ -->\n<title>Au gr\u00e9 du vent - Atypique Concept Store<\/title>\n<meta name=\"robots\" content=\"index, follow, max-snippet:-1, max-image-preview:large, max-video-preview:-1\" \/>\n<link rel=\"canonical\" href=\"https:\/\/atypique.brunotarhan.fr\/index.php\/produit\/au-gre-du-vent-2\/\" \/>\n<meta property=\"og:locale\" content=\"fr_FR\" \/>\n<meta property=\"og:type\" content=\"article\" \/>\n<meta property=\"og:title\" content=\"Au gr\u00e9 du vent - Atypique Concept Store\" \/>\n<meta property=\"og:description\" content=\"est \u00e9labor\u00e9 \u00e0 partir de 70 % de grenaches, 15 % mourv\u00e8dre, 15 % de c\u00e9pages complant\u00e9s d&#039;alicante, clairette blanche et rose, aramon, carignan..., r\u00e9colt\u00e9s \u00e0 la main sur notre parcelle de vieilles vignes ag\u00e9es de 76 ans \u00e0 80 ans . Une fois foul\u00e9s, les raisins ont \u00e9t\u00e9 vinifi\u00e9s en cuves inox : levures indig\u00e8nes, aucun intrant et sans sulfites ajout\u00e9s. La mac\u00e9ration a dur\u00e9 25 jours et l&#039;\u00e9levage 10 mois en amphore en gr\u00e9. Garde : 10 ans et plus si affinit\u00e9\" \/>\n<meta property=\"og:url\" content=\"https:\/\/atypique.brunotarhan.fr\/index.php\/produit\/au-gre-du-vent-2\/\" \/>\n<meta property=\"og:site_name\" content=\"Atypique Concept Store\" \/>\n<meta property=\"article:modified_time\" content=\"2022-04-08T11:17:13+00:00\" \/>\n<meta name=\"twitter:card\" content=\"summary_large_image\" \/>\n<script type=\"application\/ld+json\" class=\"yoast-schema-graph\">{\"@context\":\"https:\/\/schema.org\",\"@graph\":[{\"@type\":\"WebSite\",\"@id\":\"https:\/\/atypique.brunotarhan.fr\/#website\",\"url\":\"https:\/\/atypique.brunotarhan.fr\/\",\"name\":\"Atypique Concept Store\",\"description\":\"Just another WordPress site\",\"potentialAction\":[{\"@type\":\"SearchAction\",\"target\":{\"@type\":\"EntryPoint\",\"urlTemplate\":\"https:\/\/atypique.brunotarhan.fr\/?s={search_term_string}\"},\"query-input\":\"required name=search_term_string\"}],\"inLanguage\":\"fr-FR\"},{\"@type\":\"WebPage\",\"@id\":\"https:\/\/atypique.brunotarhan.fr\/index.php\/produit\/au-gre-du-vent-2\/#webpage\",\"url\":\"https:\/\/atypique.brunotarhan.fr\/index.php\/produit\/au-gre-du-vent-2\/\",\"name\":\"Au gr\u00e9 du vent - Atypique Concept Store\",\"isPartOf\":{\"@id\":\"https:\/\/atypique.brunotarhan.fr\/#website\"},\"datePublished\":\"2022-03-28T07:33:49+00:00\",\"dateModified\":\"2022-04-08T11:17:13+00:00\",\"breadcrumb\":{\"@id\":\"https:\/\/atypique.brunotarhan.fr\/index.php\/produit\/au-gre-du-vent-2\/#breadcrumb\"},\"inLanguage\":\"fr-FR\",\"potentialAction\":[{\"@type\":\"ReadAction\",\"target\":[\"https:\/\/atypique.brunotarhan.fr\/index.php\/produit\/au-gre-du-vent-2\/\"]}]},{\"@type\":\"BreadcrumbList\",\"@id\":\"https:\/\/atypique.brunotarhan.fr\/index.php\/produit\/au-gre-du-vent-2\/#breadcrumb\",\"itemListElement\":[{\"@type\":\"ListItem\",\"position\":1,\"name\":\"Accueil\",\"item\":\"https:\/\/atypique.brunotarhan.fr\/\"},{\"@type\":\"ListItem\",\"position\":2,\"name\":\"\"},{\"@type\":\"ListItem\",\"position\":3,\"name\":\"Au gr\u00e9 du vent\"}]}]}<\/script>\n<!-- \/ Yoast SEO plugin. -->","yoast_head_json":{"title":"Au gr\u00e9 du vent - Atypique Concept Store","robots":{"index":"index","follow":"follow","max-snippet":"max-snippet:-1","max-image-preview":"max-image-preview:large","max-video-preview":"max-video-preview:-1"},"canonical":"https:\/\/atypique.brunotarhan.fr\/index.php\/produit\/au-gre-du-vent-2\/","og_locale":"fr_FR","og_type":"article","og_title":"Au gr\u00e9 du vent - Atypique Concept Store","og_description":"est \u00e9labor\u00e9 \u00e0 partir de 70 % de grenaches, 15 % mourv\u00e8dre, 15 % de c\u00e9pages complant\u00e9s d'alicante, clairette blanche et rose, aramon, carignan..., r\u00e9colt\u00e9s \u00e0 la main sur notre parcelle de vieilles vignes ag\u00e9es de 76 ans \u00e0 80 ans . Une fois foul\u00e9s, les raisins ont \u00e9t\u00e9 vinifi\u00e9s en cuves inox : levures indig\u00e8nes, aucun intrant et sans sulfites ajout\u00e9s. La mac\u00e9ration a dur\u00e9 25 jours et l'\u00e9levage 10 mois en amphore en gr\u00e9. Garde : 10 ans et plus si affinit\u00e9","og_url":"https:\/\/atypique.brunotarhan.fr\/index.php\/produit\/au-gre-du-vent-2\/","og_site_name":"Atypique Concept Store","article_modified_time":"2022-04-08T11:17:13+00:00","twitter_card":"summary_large_image","schema":{"@context":"https:\/\/schema.org","@graph":[{"@type":"WebSite","@id":"https:\/\/atypique.brunotarhan.fr\/#website","url":"https:\/\/atypique.brunotarhan.fr\/","name":"Atypique Concept Store","description":"Just another WordPress site","potentialAction":[{"@type":"SearchAction","target":{"@type":"EntryPoint","urlTemplate":"https:\/\/atypique.brunotarhan.fr\/?s={search_term_string}"},"query-input":"required name=search_term_string"}],"inLanguage":"fr-FR"},{"@type":"WebPage","@id":"https:\/\/atypique.brunotarhan.fr\/index.php\/produit\/au-gre-du-vent-2\/#webpage","url":"https:\/\/atypique.brunotarhan.fr\/index.php\/produit\/au-gre-du-vent-2\/","name":"Au gr\u00e9 du vent - Atypique Concept Store","isPartOf":{"@id":"https:\/\/atypique.brunotarhan.fr\/#website"},"datePublished":"2022-03-28T07:33:49+00:00","dateModified":"2022-04-08T11:17:13+00:00","breadcrumb":{"@id":"https:\/\/atypique.brunotarhan.fr\/index.php\/produit\/au-gre-du-vent-2\/#breadcrumb"},"inLanguage":"fr-FR","potentialAction":[{"@type":"ReadAction","target":["https:\/\/atypique.brunotarhan.fr\/index.php\/produit\/au-gre-du-vent-2\/"]}]},{"@type":"BreadcrumbList","@id":"https:\/\/atypique.brunotarhan.fr\/index.php\/produit\/au-gre-du-vent-2\/#breadcrumb","itemListElement":[{"@type":"ListItem","position":1,"name":"Accueil","item":"https:\/\/atypique.brunotarhan.fr\/"},{"@type":"ListItem","position":2,"name":""},{"@type":"ListItem","position":3,"name":"Au gr\u00e9 du vent"}]}]}},"_links":{"self":[{"href":"https:\/\/atypique.brunotarhan.fr\/index.php\/wp-json\/wp\/v2\/product\/14561","targetHints":{"allow":["GET"]}}],"collection":[{"href":"https:\/\/atypique.brunotarhan.fr\/index.php\/wp-json\/wp\/v2\/product"}],"about":[{"href":"https:\/\/atypique.brunotarhan.fr\/index.php\/wp-json\/wp\/v2\/types\/product"}],"replies":[{"embeddable":true,"href":"https:\/\/atypique.brunotarhan.fr\/index.php\/wp-json\/wp\/v2\/comments?post=14561"}],"wp:attachment":[{"href":"https:\/\/atypique.brunotarhan.fr\/index.php\/wp-json\/wp\/v2\/media?parent=14561"}],"wp:term":[{"taxonomy":"product_cat","embeddable":true,"href":"https:\/\/atypique.brunotarhan.fr\/index.php\/wp-json\/wp\/v2\/product_cat?post=14561"},{"taxonomy":"product_tag","embeddable":true,"href":"https:\/\/atypique.brunotarhan.fr\/index.php\/wp-json\/wp\/v2\/product_tag?post=14561"}],"curies":[{"name":"wp","href":"https:\/\/api.w.org\/{rel}","templated":true}]}}