{"id":14558,"date":"2022-03-28T07:33:48","date_gmt":"2022-03-28T07:33:48","guid":{"rendered":"https:\/\/atypique.brunotarhan.fr\/?post_type=product&#038;p=14558"},"modified":"2022-04-08T11:17:08","modified_gmt":"2022-04-08T11:17:08","slug":"kidiglou","status":"publish","type":"product","link":"https:\/\/atypique.brunotarhan.fr\/index.php\/produit\/kidiglou\/","title":{"rendered":"Kidiglou"},"content":{"rendered":"","protected":false},"excerpt":{"rendered":"<p> est \u00e9labor\u00e9e \u00e0 partir de grenaches, r\u00e9colt\u00e9s \u00e0 la main sur des vignes plant\u00e9es en 1982 et en 1945. Une fois foul\u00e9s, les raisins ont \u00e9t\u00e9 vinifi\u00e9s de fa\u00e7on traditionnelle : levures indig\u00e8nes, aucun intrant sauf un l\u00e9ger sulfitage de 15 mg\/l \u00e0 la mise en bouteille.<br \/>\nLa mac\u00e9ration a dur\u00e9 3 jours.<br \/>\n Nous vous conseillons de le boire dans les 2 ans \u00e0 3 ans. <\/p>\n","protected":false},"featured_media":0,"comment_status":"open","ping_status":"closed","template":"","meta":[],"product_cat":[87],"product_tag":[],"class_list":["post-14558","product","type-product","status-publish","hentry","product_cat-vins","berocket_brand-domaine-badea-philippe"],"yoast_head":"<!-- This site is optimized with the Yoast SEO plugin v18.0 - https:\/\/yoast.com\/wordpress\/plugins\/seo\/ -->\n<title>Kidiglou - Atypique Concept Store<\/title>\n<meta name=\"robots\" content=\"index, follow, max-snippet:-1, max-image-preview:large, max-video-preview:-1\" \/>\n<link rel=\"canonical\" href=\"https:\/\/atypique.brunotarhan.fr\/index.php\/produit\/kidiglou\/\" \/>\n<meta property=\"og:locale\" content=\"fr_FR\" \/>\n<meta property=\"og:type\" content=\"article\" \/>\n<meta property=\"og:title\" content=\"Kidiglou - Atypique Concept Store\" \/>\n<meta property=\"og:description\" content=\"est \u00e9labor\u00e9e \u00e0 partir de grenaches, r\u00e9colt\u00e9s \u00e0 la main sur des vignes plant\u00e9es en 1982 et en 1945. Une fois foul\u00e9s, les raisins ont \u00e9t\u00e9 vinifi\u00e9s de fa\u00e7on traditionnelle : levures indig\u00e8nes, aucun intrant sauf un l\u00e9ger sulfitage de 15 mg\/l \u00e0 la mise en bouteille. La mac\u00e9ration a dur\u00e9 3 jours. Nous vous conseillons de le boire dans les 2 ans \u00e0 3 ans.\" \/>\n<meta property=\"og:url\" content=\"https:\/\/atypique.brunotarhan.fr\/index.php\/produit\/kidiglou\/\" \/>\n<meta property=\"og:site_name\" content=\"Atypique Concept Store\" \/>\n<meta property=\"article:modified_time\" content=\"2022-04-08T11:17:08+00:00\" \/>\n<meta name=\"twitter:card\" content=\"summary_large_image\" \/>\n<script type=\"application\/ld+json\" class=\"yoast-schema-graph\">{\"@context\":\"https:\/\/schema.org\",\"@graph\":[{\"@type\":\"WebSite\",\"@id\":\"https:\/\/atypique.brunotarhan.fr\/#website\",\"url\":\"https:\/\/atypique.brunotarhan.fr\/\",\"name\":\"Atypique Concept Store\",\"description\":\"Just another WordPress site\",\"potentialAction\":[{\"@type\":\"SearchAction\",\"target\":{\"@type\":\"EntryPoint\",\"urlTemplate\":\"https:\/\/atypique.brunotarhan.fr\/?s={search_term_string}\"},\"query-input\":\"required name=search_term_string\"}],\"inLanguage\":\"fr-FR\"},{\"@type\":\"WebPage\",\"@id\":\"https:\/\/atypique.brunotarhan.fr\/index.php\/produit\/kidiglou\/#webpage\",\"url\":\"https:\/\/atypique.brunotarhan.fr\/index.php\/produit\/kidiglou\/\",\"name\":\"Kidiglou - Atypique Concept Store\",\"isPartOf\":{\"@id\":\"https:\/\/atypique.brunotarhan.fr\/#website\"},\"datePublished\":\"2022-03-28T07:33:48+00:00\",\"dateModified\":\"2022-04-08T11:17:08+00:00\",\"breadcrumb\":{\"@id\":\"https:\/\/atypique.brunotarhan.fr\/index.php\/produit\/kidiglou\/#breadcrumb\"},\"inLanguage\":\"fr-FR\",\"potentialAction\":[{\"@type\":\"ReadAction\",\"target\":[\"https:\/\/atypique.brunotarhan.fr\/index.php\/produit\/kidiglou\/\"]}]},{\"@type\":\"BreadcrumbList\",\"@id\":\"https:\/\/atypique.brunotarhan.fr\/index.php\/produit\/kidiglou\/#breadcrumb\",\"itemListElement\":[{\"@type\":\"ListItem\",\"position\":1,\"name\":\"Accueil\",\"item\":\"https:\/\/atypique.brunotarhan.fr\/\"},{\"@type\":\"ListItem\",\"position\":2,\"name\":\"\"},{\"@type\":\"ListItem\",\"position\":3,\"name\":\"Kidiglou\"}]}]}<\/script>\n<!-- \/ Yoast SEO plugin. -->","yoast_head_json":{"title":"Kidiglou - Atypique Concept Store","robots":{"index":"index","follow":"follow","max-snippet":"max-snippet:-1","max-image-preview":"max-image-preview:large","max-video-preview":"max-video-preview:-1"},"canonical":"https:\/\/atypique.brunotarhan.fr\/index.php\/produit\/kidiglou\/","og_locale":"fr_FR","og_type":"article","og_title":"Kidiglou - Atypique Concept Store","og_description":"est \u00e9labor\u00e9e \u00e0 partir de grenaches, r\u00e9colt\u00e9s \u00e0 la main sur des vignes plant\u00e9es en 1982 et en 1945. Une fois foul\u00e9s, les raisins ont \u00e9t\u00e9 vinifi\u00e9s de fa\u00e7on traditionnelle : levures indig\u00e8nes, aucun intrant sauf un l\u00e9ger sulfitage de 15 mg\/l \u00e0 la mise en bouteille. La mac\u00e9ration a dur\u00e9 3 jours. Nous vous conseillons de le boire dans les 2 ans \u00e0 3 ans.","og_url":"https:\/\/atypique.brunotarhan.fr\/index.php\/produit\/kidiglou\/","og_site_name":"Atypique Concept Store","article_modified_time":"2022-04-08T11:17:08+00:00","twitter_card":"summary_large_image","schema":{"@context":"https:\/\/schema.org","@graph":[{"@type":"WebSite","@id":"https:\/\/atypique.brunotarhan.fr\/#website","url":"https:\/\/atypique.brunotarhan.fr\/","name":"Atypique Concept Store","description":"Just another WordPress site","potentialAction":[{"@type":"SearchAction","target":{"@type":"EntryPoint","urlTemplate":"https:\/\/atypique.brunotarhan.fr\/?s={search_term_string}"},"query-input":"required name=search_term_string"}],"inLanguage":"fr-FR"},{"@type":"WebPage","@id":"https:\/\/atypique.brunotarhan.fr\/index.php\/produit\/kidiglou\/#webpage","url":"https:\/\/atypique.brunotarhan.fr\/index.php\/produit\/kidiglou\/","name":"Kidiglou - Atypique Concept Store","isPartOf":{"@id":"https:\/\/atypique.brunotarhan.fr\/#website"},"datePublished":"2022-03-28T07:33:48+00:00","dateModified":"2022-04-08T11:17:08+00:00","breadcrumb":{"@id":"https:\/\/atypique.brunotarhan.fr\/index.php\/produit\/kidiglou\/#breadcrumb"},"inLanguage":"fr-FR","potentialAction":[{"@type":"ReadAction","target":["https:\/\/atypique.brunotarhan.fr\/index.php\/produit\/kidiglou\/"]}]},{"@type":"BreadcrumbList","@id":"https:\/\/atypique.brunotarhan.fr\/index.php\/produit\/kidiglou\/#breadcrumb","itemListElement":[{"@type":"ListItem","position":1,"name":"Accueil","item":"https:\/\/atypique.brunotarhan.fr\/"},{"@type":"ListItem","position":2,"name":""},{"@type":"ListItem","position":3,"name":"Kidiglou"}]}]}},"_links":{"self":[{"href":"https:\/\/atypique.brunotarhan.fr\/index.php\/wp-json\/wp\/v2\/product\/14558","targetHints":{"allow":["GET"]}}],"collection":[{"href":"https:\/\/atypique.brunotarhan.fr\/index.php\/wp-json\/wp\/v2\/product"}],"about":[{"href":"https:\/\/atypique.brunotarhan.fr\/index.php\/wp-json\/wp\/v2\/types\/product"}],"replies":[{"embeddable":true,"href":"https:\/\/atypique.brunotarhan.fr\/index.php\/wp-json\/wp\/v2\/comments?post=14558"}],"wp:attachment":[{"href":"https:\/\/atypique.brunotarhan.fr\/index.php\/wp-json\/wp\/v2\/media?parent=14558"}],"wp:term":[{"taxonomy":"product_cat","embeddable":true,"href":"https:\/\/atypique.brunotarhan.fr\/index.php\/wp-json\/wp\/v2\/product_cat?post=14558"},{"taxonomy":"product_tag","embeddable":true,"href":"https:\/\/atypique.brunotarhan.fr\/index.php\/wp-json\/wp\/v2\/product_tag?post=14558"}],"curies":[{"name":"wp","href":"https:\/\/api.w.org\/{rel}","templated":true}]}}